{"id":157,"date":"2023-02-25T03:21:33","date_gmt":"2023-02-25T02:21:33","guid":{"rendered":"https:\/\/oldglasses.es\/?page_id=157"},"modified":"2024-08-17T17:52:48","modified_gmt":"2024-08-17T16:52:48","slug":"historia","status":"publish","type":"page","link":"https:\/\/oldglasses.es\/index.php\/historia\/","title":{"rendered":"HISTORIA"},"content":{"rendered":"\n<h4 class=\"wp-block-heading has-yellow-color has-text-color has-link-color wp-elements-0dba676dde94bb3d7403c06b412a712a\" style=\"font-style:italic;font-weight:500;text-transform:uppercase\">Los inicios<\/h4>\n\n\n\n<figure class=\"wp-block-embed aligncenter is-type-rich is-provider-slideshare wp-block-embed-slideshare\"><div class=\"wp-block-embed__wrapper\">\nhttps:\/\/es.slideshare.net\/endikata\/old-glasses-bio-256161410\n<\/div><\/figure>\n\n\n\n<p><\/p>\n\n\n\n<p class=\"has-yellow-color has-text-color\" style=\"font-size:50px;font-style:normal;font-weight:400\">in the beginning&#8230;<\/p>\n\n\n\n<p class=\"has-yellow-color has-text-color\" style=\"font-size:50px;font-style:normal;font-weight:400\">Como casi siempre en estos casos, el azar tuvo mucho que ver en la formaci\u00f3n de la banda. La agrupaci\u00f3n musical Azkoaga de Zalla incorpora circunstancialmente a un guitarrista para apoyar a la banda municipal de viento en algunos de los temas que pretende incorporar a su repertorio de esa temporada. Era el a\u00f1o 2014. <\/p>\n\n\n\n<p class=\"has-yellow-color has-text-color\" style=\"font-size:50px;font-style:normal;font-weight:400\">Es as\u00ed como entran en contacto Carlos C\u00e1novas, Felix Garc\u00eda y Ricardo Gonz\u00e1lez miembros todos de la banda municipal y part\u00edcipes todos en diferentes agrupaciones musicales (bandas de rock principalmente) en el pasado. Surge la idea tras uno de los ensayos de la banda de viento de juntarse los tres para hacer sin pretensi\u00f3n alguna m\u00e1s all\u00e1 de la de divertirse, la m\u00fasica que m\u00e1s les gusta, el rock. En quince d\u00edas desde aquel primer ensayo de octubre de 2014 apareci\u00f3 por el local Aitor Lambarri, viejo conocido de Carlos C\u00e1novas y guitarrista que hac\u00eda m\u00e1s de tres lustros hab\u00eda aparcado la guitarra encima de un armario. Fue fruto de una conversaci\u00f3n a pie de calle con la esposa de Carlos, Ana, que Aitor decidiera desempolvar las cuerdas y probarse junto a otros tres m\u00fasicos. Hab\u00eda nacido OLD GLASSES.<\/p>\n\n\n\n<p class=\"has-yellow-color has-text-color\" style=\"font-size:50px;font-style:normal;font-weight:400\">La banda suena, para deleite de sus cuatro miembros, que lejos de conformarse con el \u201ccorrecto\u201d sonar, buscan la perfecci\u00f3n y los matices en cada uno de los temas que van incorporando a gran velocidad a su repertorio (Creedence, Deep Purple, Dire Straits, Fito, AC-DC\u2026) y pronto cuentan con casi treinta temas que deciden mostrar a familia y amigos una noche de diciembre de 2015 en la discoteca local Dreamer. Ese fue el inicio de un gran n\u00famero de conciertos en locales de Vizcaya (Zalla, G\u00fce\u00f1es, Sodupe, Balmaseda, Karrantza, Barakaldo, Gordexola, Portugalete, Sopuerta, GETXO, Laudio, Galdakao) y provincias lim\u00edtrofes (Castro Urdiales, Villasana de Mena, Irun, el Berr\u00f3n, Gijano). M\u00e1s de 80 conciertos en los tres siguientes a\u00f1os conducen a la banda a dar el salto al gran escenario y es reclamado por los ayuntamientos de Zalla y Balmaseda para amenizar sus fiestas patronales en el a\u00f1o 2018. <\/p>\n\n\n<div class=\"wp-block-image\">\n<figure class=\"aligncenter size-large is-resized\"><img loading=\"lazy\" decoding=\"async\" width=\"1024\" height=\"576\" src=\"https:\/\/oldglasses.es\/wp-content\/uploads\/2023\/02\/20191020-Balmaseda-1024x576.jpg\" alt=\"\" class=\"wp-image-198\" style=\"width:758px;height:426px\" srcset=\"https:\/\/oldglasses.es\/wp-content\/uploads\/2023\/02\/20191020-Balmaseda-1024x576.jpg 1024w, https:\/\/oldglasses.es\/wp-content\/uploads\/2023\/02\/20191020-Balmaseda-600x338.jpg 600w, https:\/\/oldglasses.es\/wp-content\/uploads\/2023\/02\/20191020-Balmaseda-300x169.jpg 300w, https:\/\/oldglasses.es\/wp-content\/uploads\/2023\/02\/20191020-Balmaseda-768x432.jpg 768w, https:\/\/oldglasses.es\/wp-content\/uploads\/2023\/02\/20191020-Balmaseda.jpg 1200w\" sizes=\"auto, (max-width: 1024px) 100vw, 1024px\" \/><figcaption class=\"wp-element-caption\"><mark style=\"background-color:rgba(0, 0, 0, 0)\" class=\"has-inline-color has-yellow-color\"><em><strong>Despu\u00e9s de los primeros a\u00f1os tocado por en bares se dan cuenta que el escenario grande viste m\u00e1s<\/strong><\/em>. Foto: Pikizu<\/mark><\/figcaption><\/figure>\n<\/div>\n\n\n<p class=\"has-yellow-color has-text-color\" style=\"font-size:50px;font-style:normal;font-weight:400\">El car\u00e1cter puramente amateur de la banda comienza a transformarse en algo m\u00e1s profesional que requiere de sus miembros mayor dedicaci\u00f3n. Es \u00e9ste el momento en el que Carlos C\u00e1novas da un paso a un lado y da entrada a la formaci\u00f3n a Endika Catarecha (Endikata) para sustituirle al bajo. En poco tiempo el grupo vuelve a sonar con la misma fuerza y se prepara para volver a los escenarios. Y en esto\u2026 lleg\u00f3 la PANDEMIA. Periodo de par\u00f3n para la totalidad de la actividad cultural durante pr\u00e1cticamente dos a\u00f1os. Es durante este tiempo que Aitor Lambarri decide, por circunstancias personales, abandonar el proyecto dando entrada a Javier Latasa como guitarra solista.<\/p>\n\n\n<div class=\"wp-block-image\">\n<figure class=\"aligncenter size-full\"><img loading=\"lazy\" decoding=\"async\" width=\"720\" height=\"442\" src=\"https:\/\/oldglasses.es\/wp-content\/uploads\/2023\/02\/facebook_1634052138513_6853711420774220428.jpg\" alt=\"\" class=\"wp-image-197\" srcset=\"https:\/\/oldglasses.es\/wp-content\/uploads\/2023\/02\/facebook_1634052138513_6853711420774220428.jpg 720w, https:\/\/oldglasses.es\/wp-content\/uploads\/2023\/02\/facebook_1634052138513_6853711420774220428-600x368.jpg 600w, https:\/\/oldglasses.es\/wp-content\/uploads\/2023\/02\/facebook_1634052138513_6853711420774220428-300x184.jpg 300w\" sizes=\"auto, (max-width: 720px) 100vw, 720px\" \/><figcaption class=\"wp-element-caption\"><em><mark style=\"background-color:rgba(0, 0, 0, 0)\" class=\"has-inline-color has-yellow-color\"><strong>Javi Latasa y Endikata, las nuevas incorporaciones de Old Glasses. <\/strong>Foto: Miguel \u00c1ngel Molina<\/mark><\/em><\/figcaption><\/figure>\n<\/div>\n\n\n<p class=\"has-yellow-color has-text-color\" style=\"font-size:50px\">Comenzaba as\u00ed la etapa de consolidaci\u00f3n del grupo y el lanzamiento del mismo, una vez terminadas las restricciones sanitarias, para llenar las plazas de la geograf\u00eda peninsular del mejor rock de todos los tiempos. Cuatro m\u00fasicos formados, experimentados y apasionados por su oficio a tu disposici\u00f3n para hacerte vivir veladas musicales como no recuerdas.<\/p>\n\n\n<div class=\"wp-block-image\">\n<figure class=\"aligncenter size-large is-resized\"><img loading=\"lazy\" decoding=\"async\" width=\"1024\" height=\"614\" src=\"https:\/\/oldglasses.es\/wp-content\/uploads\/2023\/02\/20211209-ZALLA-G205337_R-1024x614.jpg\" alt=\"\" class=\"wp-image-43\" style=\"width:742px;height:444px\" srcset=\"https:\/\/oldglasses.es\/wp-content\/uploads\/2023\/02\/20211209-ZALLA-G205337_R-1024x614.jpg 1024w, https:\/\/oldglasses.es\/wp-content\/uploads\/2023\/02\/20211209-ZALLA-G205337_R-scaled-600x360.jpg 600w, https:\/\/oldglasses.es\/wp-content\/uploads\/2023\/02\/20211209-ZALLA-G205337_R-300x180.jpg 300w, https:\/\/oldglasses.es\/wp-content\/uploads\/2023\/02\/20211209-ZALLA-G205337_R-768x460.jpg 768w, https:\/\/oldglasses.es\/wp-content\/uploads\/2023\/02\/20211209-ZALLA-G205337_R-1536x920.jpg 1536w, https:\/\/oldglasses.es\/wp-content\/uploads\/2023\/02\/20211209-ZALLA-G205337_R-2048x1227.jpg 2048w\" sizes=\"auto, (max-width: 1024px) 100vw, 1024px\" \/><figcaption class=\"wp-element-caption\"><mark style=\"background-color:rgba(0, 0, 0, 0)\" class=\"has-inline-color has-yellow-color\"><strong>Zalla Antzokia.<\/strong> Foto: Galker<\/mark><\/figcaption><\/figure>\n<\/div>\n\n\n<p><\/p>\n","protected":false},"excerpt":{"rendered":"<p>Los inicios in the beginning&#8230; Como casi siempre en estos casos, el azar tuvo mucho que ver en la formaci\u00f3n de la banda. La agrupaci\u00f3n musical Azkoaga de Zalla incorpora circunstancialmente a un guitarrista para apoyar a la banda municipal de viento en algunos de <span class=\"read-more\"><a class=\"more-link btn btn-transparent\" href=\"https:\/\/oldglasses.es\/index.php\/historia\/\">Leer m\u00e1s&#8230;<\/a><\/span><\/p>\n","protected":false},"author":1,"featured_media":0,"parent":0,"menu_order":0,"comment_status":"closed","ping_status":"closed","template":"","meta":{"ngg_post_thumbnail":0,"footnotes":""},"class_list":["post-157","page","type-page","status-publish","hentry"],"yoast_head":"<!-- This site is optimized with the Yoast SEO plugin v27.3 - https:\/\/yoast.com\/product\/yoast-seo-wordpress\/ -->\n<title>HISTORIA - OLD GLASSES<\/title>\n<meta name=\"robots\" content=\"index, follow, max-snippet:-1, max-image-preview:large, max-video-preview:-1\" \/>\n<link rel=\"canonical\" href=\"https:\/\/oldglasses.es\/index.php\/historia\/\" \/>\n<meta property=\"og:locale\" content=\"es_ES\" \/>\n<meta property=\"og:type\" content=\"article\" \/>\n<meta property=\"og:title\" content=\"HISTORIA - OLD GLASSES\" \/>\n<meta property=\"og:description\" content=\"Los inicios in the beginning&#8230; Como casi siempre en estos casos, el azar tuvo mucho que ver en la formaci\u00f3n de la banda. La agrupaci\u00f3n musical Azkoaga de Zalla incorpora circunstancialmente a un guitarrista para apoyar a la banda municipal de viento en algunos de Leer m\u00e1s...\" \/>\n<meta property=\"og:url\" content=\"https:\/\/oldglasses.es\/index.php\/historia\/\" \/>\n<meta property=\"og:site_name\" content=\"OLD GLASSES\" \/>\n<meta property=\"article:publisher\" content=\"https:\/\/www.facebook.com\/OLDGLASSESZALLA\/\" \/>\n<meta property=\"article:modified_time\" content=\"2024-08-17T16:52:48+00:00\" \/>\n<meta property=\"og:image\" content=\"https:\/\/oldglasses.es\/wp-content\/uploads\/2023\/02\/20191020-Balmaseda-1024x576.jpg\" \/>\n<meta name=\"twitter:card\" content=\"summary_large_image\" \/>\n<meta name=\"twitter:site\" content=\"@oldglasses_\" \/>\n<meta name=\"twitter:label1\" content=\"Tiempo de lectura\" \/>\n\t<meta name=\"twitter:data1\" content=\"3 minutos\" \/>\n<script type=\"application\/ld+json\" class=\"yoast-schema-graph\">{\"@context\":\"https:\\\/\\\/schema.org\",\"@graph\":[{\"@type\":\"WebPage\",\"@id\":\"https:\\\/\\\/oldglasses.es\\\/index.php\\\/historia\\\/\",\"url\":\"https:\\\/\\\/oldglasses.es\\\/index.php\\\/historia\\\/\",\"name\":\"HISTORIA - OLD GLASSES\",\"isPartOf\":{\"@id\":\"https:\\\/\\\/oldglasses.es\\\/#website\"},\"primaryImageOfPage\":{\"@id\":\"https:\\\/\\\/oldglasses.es\\\/index.php\\\/historia\\\/#primaryimage\"},\"image\":{\"@id\":\"https:\\\/\\\/oldglasses.es\\\/index.php\\\/historia\\\/#primaryimage\"},\"thumbnailUrl\":\"https:\\\/\\\/oldglasses.es\\\/wp-content\\\/uploads\\\/2023\\\/02\\\/20191020-Balmaseda-1024x576.jpg\",\"datePublished\":\"2023-02-25T02:21:33+00:00\",\"dateModified\":\"2024-08-17T16:52:48+00:00\",\"breadcrumb\":{\"@id\":\"https:\\\/\\\/oldglasses.es\\\/index.php\\\/historia\\\/#breadcrumb\"},\"inLanguage\":\"es\",\"potentialAction\":[{\"@type\":\"ReadAction\",\"target\":[\"https:\\\/\\\/oldglasses.es\\\/index.php\\\/historia\\\/\"]}]},{\"@type\":\"ImageObject\",\"inLanguage\":\"es\",\"@id\":\"https:\\\/\\\/oldglasses.es\\\/index.php\\\/historia\\\/#primaryimage\",\"url\":\"https:\\\/\\\/oldglasses.es\\\/wp-content\\\/uploads\\\/2023\\\/02\\\/20191020-Balmaseda.jpg\",\"contentUrl\":\"https:\\\/\\\/oldglasses.es\\\/wp-content\\\/uploads\\\/2023\\\/02\\\/20191020-Balmaseda.jpg\",\"width\":1200,\"height\":675},{\"@type\":\"BreadcrumbList\",\"@id\":\"https:\\\/\\\/oldglasses.es\\\/index.php\\\/historia\\\/#breadcrumb\",\"itemListElement\":[{\"@type\":\"ListItem\",\"position\":1,\"name\":\"Portada\",\"item\":\"https:\\\/\\\/oldglasses.es\\\/\"},{\"@type\":\"ListItem\",\"position\":2,\"name\":\"HISTORIA\"}]},{\"@type\":\"WebSite\",\"@id\":\"https:\\\/\\\/oldglasses.es\\\/#website\",\"url\":\"https:\\\/\\\/oldglasses.es\\\/\",\"name\":\"OLD GLASSES\",\"description\":\"Rock Rock Rock\",\"publisher\":{\"@id\":\"https:\\\/\\\/oldglasses.es\\\/#organization\"},\"potentialAction\":[{\"@type\":\"SearchAction\",\"target\":{\"@type\":\"EntryPoint\",\"urlTemplate\":\"https:\\\/\\\/oldglasses.es\\\/?s={search_term_string}\"},\"query-input\":{\"@type\":\"PropertyValueSpecification\",\"valueRequired\":true,\"valueName\":\"search_term_string\"}}],\"inLanguage\":\"es\"},{\"@type\":\"Organization\",\"@id\":\"https:\\\/\\\/oldglasses.es\\\/#organization\",\"name\":\"OLD GLASSES\",\"url\":\"https:\\\/\\\/oldglasses.es\\\/\",\"logo\":{\"@type\":\"ImageObject\",\"inLanguage\":\"es\",\"@id\":\"https:\\\/\\\/oldglasses.es\\\/#\\\/schema\\\/logo\\\/image\\\/\",\"url\":\"https:\\\/\\\/oldglasses.es\\\/wp-content\\\/uploads\\\/2024\\\/08\\\/LOGO-OLD-GLASSES-2021_fondo.jpg\",\"contentUrl\":\"https:\\\/\\\/oldglasses.es\\\/wp-content\\\/uploads\\\/2024\\\/08\\\/LOGO-OLD-GLASSES-2021_fondo.jpg\",\"width\":729,\"height\":666,\"caption\":\"OLD GLASSES\"},\"image\":{\"@id\":\"https:\\\/\\\/oldglasses.es\\\/#\\\/schema\\\/logo\\\/image\\\/\"},\"sameAs\":[\"https:\\\/\\\/www.facebook.com\\\/OLDGLASSESZALLA\\\/\",\"https:\\\/\\\/x.com\\\/oldglasses_\",\"https:\\\/\\\/www.instagram.com\\\/oldglasses_\\\/\",\"https:\\\/\\\/www.youtube.com\\\/@oldglasses1622\"]}]}<\/script>\n<!-- \/ Yoast SEO plugin. -->","yoast_head_json":{"title":"HISTORIA - OLD GLASSES","robots":{"index":"index","follow":"follow","max-snippet":"max-snippet:-1","max-image-preview":"max-image-preview:large","max-video-preview":"max-video-preview:-1"},"canonical":"https:\/\/oldglasses.es\/index.php\/historia\/","og_locale":"es_ES","og_type":"article","og_title":"HISTORIA - OLD GLASSES","og_description":"Los inicios in the beginning&#8230; Como casi siempre en estos casos, el azar tuvo mucho que ver en la formaci\u00f3n de la banda. La agrupaci\u00f3n musical Azkoaga de Zalla incorpora circunstancialmente a un guitarrista para apoyar a la banda municipal de viento en algunos de Leer m\u00e1s...","og_url":"https:\/\/oldglasses.es\/index.php\/historia\/","og_site_name":"OLD GLASSES","article_publisher":"https:\/\/www.facebook.com\/OLDGLASSESZALLA\/","article_modified_time":"2024-08-17T16:52:48+00:00","og_image":[{"url":"https:\/\/oldglasses.es\/wp-content\/uploads\/2023\/02\/20191020-Balmaseda-1024x576.jpg","type":"","width":"","height":""}],"twitter_card":"summary_large_image","twitter_site":"@oldglasses_","twitter_misc":{"Tiempo de lectura":"3 minutos"},"schema":{"@context":"https:\/\/schema.org","@graph":[{"@type":"WebPage","@id":"https:\/\/oldglasses.es\/index.php\/historia\/","url":"https:\/\/oldglasses.es\/index.php\/historia\/","name":"HISTORIA - OLD GLASSES","isPartOf":{"@id":"https:\/\/oldglasses.es\/#website"},"primaryImageOfPage":{"@id":"https:\/\/oldglasses.es\/index.php\/historia\/#primaryimage"},"image":{"@id":"https:\/\/oldglasses.es\/index.php\/historia\/#primaryimage"},"thumbnailUrl":"https:\/\/oldglasses.es\/wp-content\/uploads\/2023\/02\/20191020-Balmaseda-1024x576.jpg","datePublished":"2023-02-25T02:21:33+00:00","dateModified":"2024-08-17T16:52:48+00:00","breadcrumb":{"@id":"https:\/\/oldglasses.es\/index.php\/historia\/#breadcrumb"},"inLanguage":"es","potentialAction":[{"@type":"ReadAction","target":["https:\/\/oldglasses.es\/index.php\/historia\/"]}]},{"@type":"ImageObject","inLanguage":"es","@id":"https:\/\/oldglasses.es\/index.php\/historia\/#primaryimage","url":"https:\/\/oldglasses.es\/wp-content\/uploads\/2023\/02\/20191020-Balmaseda.jpg","contentUrl":"https:\/\/oldglasses.es\/wp-content\/uploads\/2023\/02\/20191020-Balmaseda.jpg","width":1200,"height":675},{"@type":"BreadcrumbList","@id":"https:\/\/oldglasses.es\/index.php\/historia\/#breadcrumb","itemListElement":[{"@type":"ListItem","position":1,"name":"Portada","item":"https:\/\/oldglasses.es\/"},{"@type":"ListItem","position":2,"name":"HISTORIA"}]},{"@type":"WebSite","@id":"https:\/\/oldglasses.es\/#website","url":"https:\/\/oldglasses.es\/","name":"OLD GLASSES","description":"Rock Rock Rock","publisher":{"@id":"https:\/\/oldglasses.es\/#organization"},"potentialAction":[{"@type":"SearchAction","target":{"@type":"EntryPoint","urlTemplate":"https:\/\/oldglasses.es\/?s={search_term_string}"},"query-input":{"@type":"PropertyValueSpecification","valueRequired":true,"valueName":"search_term_string"}}],"inLanguage":"es"},{"@type":"Organization","@id":"https:\/\/oldglasses.es\/#organization","name":"OLD GLASSES","url":"https:\/\/oldglasses.es\/","logo":{"@type":"ImageObject","inLanguage":"es","@id":"https:\/\/oldglasses.es\/#\/schema\/logo\/image\/","url":"https:\/\/oldglasses.es\/wp-content\/uploads\/2024\/08\/LOGO-OLD-GLASSES-2021_fondo.jpg","contentUrl":"https:\/\/oldglasses.es\/wp-content\/uploads\/2024\/08\/LOGO-OLD-GLASSES-2021_fondo.jpg","width":729,"height":666,"caption":"OLD GLASSES"},"image":{"@id":"https:\/\/oldglasses.es\/#\/schema\/logo\/image\/"},"sameAs":["https:\/\/www.facebook.com\/OLDGLASSESZALLA\/","https:\/\/x.com\/oldglasses_","https:\/\/www.instagram.com\/oldglasses_\/","https:\/\/www.youtube.com\/@oldglasses1622"]}]}},"jetpack_sharing_enabled":true,"_links":{"self":[{"href":"https:\/\/oldglasses.es\/index.php\/wp-json\/wp\/v2\/pages\/157","targetHints":{"allow":["GET"]}}],"collection":[{"href":"https:\/\/oldglasses.es\/index.php\/wp-json\/wp\/v2\/pages"}],"about":[{"href":"https:\/\/oldglasses.es\/index.php\/wp-json\/wp\/v2\/types\/page"}],"author":[{"embeddable":true,"href":"https:\/\/oldglasses.es\/index.php\/wp-json\/wp\/v2\/users\/1"}],"replies":[{"embeddable":true,"href":"https:\/\/oldglasses.es\/index.php\/wp-json\/wp\/v2\/comments?post=157"}],"version-history":[{"count":47,"href":"https:\/\/oldglasses.es\/index.php\/wp-json\/wp\/v2\/pages\/157\/revisions"}],"predecessor-version":[{"id":1074,"href":"https:\/\/oldglasses.es\/index.php\/wp-json\/wp\/v2\/pages\/157\/revisions\/1074"}],"wp:attachment":[{"href":"https:\/\/oldglasses.es\/index.php\/wp-json\/wp\/v2\/media?parent=157"}],"curies":[{"name":"wp","href":"https:\/\/api.w.org\/{rel}","templated":true}]}}