{"id":226,"date":"2023-02-27T04:05:30","date_gmt":"2023-02-27T03:05:30","guid":{"rendered":"https:\/\/oldglasses.es\/?page_id=226"},"modified":"2024-08-17T22:28:12","modified_gmt":"2024-08-17T21:28:12","slug":"ultimos-tiempos","status":"publish","type":"page","link":"https:\/\/oldglasses.es\/index.php\/ultimos-tiempos\/","title":{"rendered":"ULTIMOS TIEMPOS"},"content":{"rendered":"\n<p class=\"has-text-align-center has-yellow-color has-text-color\" style=\"font-size:70px\">2021, a\u00f1o 1 despu\u00e9s de la pandemia. La cosa cambi\u00f3 un poco, la m\u00fasica volvi\u00f3 a sacar la cabeza y conseguimos volver a los escenarios, con aires renovados, con el nuevo fichaje de Javi a la guitarra para terminar la temporada con nosotros <\/p>\n\n\n\n<div class=\"wp-block-columns is-layout-flex wp-container-core-columns-is-layout-9d6595d7 wp-block-columns-is-layout-flex\">\n<div class=\"wp-block-column is-layout-flow wp-block-column-is-layout-flow\" style=\"flex-basis:25%\">\n<h1 class=\"wp-block-heading has-text-align-center has-yellow-color has-text-color\" style=\"font-size:35px\">SEMANA CULTURAL<\/h1>\n\n\n\n<h1 class=\"wp-block-heading has-text-align-center has-yellow-color has-text-color\" style=\"font-size:35px\">(Gordexola)<\/h1>\n\n\n\n<figure class=\"wp-block-image size-full\"><img loading=\"lazy\" decoding=\"async\" width=\"720\" height=\"960\" src=\"https:\/\/oldglasses.es\/wp-content\/uploads\/2023\/03\/2021_02-GORDEXOLA-2.jpg\" alt=\"\" class=\"wp-image-412\" srcset=\"https:\/\/oldglasses.es\/wp-content\/uploads\/2023\/03\/2021_02-GORDEXOLA-2.jpg 720w, https:\/\/oldglasses.es\/wp-content\/uploads\/2023\/03\/2021_02-GORDEXOLA-2-600x800.jpg 600w, https:\/\/oldglasses.es\/wp-content\/uploads\/2023\/03\/2021_02-GORDEXOLA-2-225x300.jpg 225w\" sizes=\"auto, (max-width: 720px) 100vw, 720px\" \/><\/figure>\n<\/div>\n\n\n\n<div class=\"wp-block-column is-layout-flow wp-block-column-is-layout-flow\" style=\"flex-basis:25%\">\n<h1 class=\"wp-block-heading has-text-align-center has-yellow-color has-text-color\" style=\"font-size:35px\">AREETAKO JAIAK<\/h1>\n\n\n\n<h1 class=\"wp-block-heading has-text-align-center has-yellow-color has-text-color\" style=\"font-size:35px\">(Las Arenas)<\/h1>\n\n\n\n<figure class=\"wp-block-image size-full\"><img loading=\"lazy\" decoding=\"async\" width=\"720\" height=\"960\" src=\"https:\/\/oldglasses.es\/wp-content\/uploads\/2023\/03\/2021_03-LAS-ARENAS-1.jpg\" alt=\"\" class=\"wp-image-413\" srcset=\"https:\/\/oldglasses.es\/wp-content\/uploads\/2023\/03\/2021_03-LAS-ARENAS-1.jpg 720w, https:\/\/oldglasses.es\/wp-content\/uploads\/2023\/03\/2021_03-LAS-ARENAS-1-600x800.jpg 600w, https:\/\/oldglasses.es\/wp-content\/uploads\/2023\/03\/2021_03-LAS-ARENAS-1-225x300.jpg 225w\" sizes=\"auto, (max-width: 720px) 100vw, 720px\" \/><\/figure>\n<\/div>\n\n\n\n<div class=\"wp-block-column is-layout-flow wp-block-column-is-layout-flow\" style=\"flex-basis:25%\">\n<h1 class=\"wp-block-heading has-text-align-center has-yellow-color has-text-color\" style=\"font-size:35px\">BALMAROCK SOLIDARIO<\/h1>\n\n\n\n<h1 class=\"wp-block-heading has-text-align-center has-yellow-color has-text-color\" style=\"font-size:35px\">(Balmaseda)<\/h1>\n\n\n\n<figure class=\"wp-block-image size-full\"><img loading=\"lazy\" decoding=\"async\" width=\"720\" height=\"960\" src=\"https:\/\/oldglasses.es\/wp-content\/uploads\/2023\/03\/2021_04-BALMA-ROCK-1.jpg\" alt=\"\" class=\"wp-image-414\" srcset=\"https:\/\/oldglasses.es\/wp-content\/uploads\/2023\/03\/2021_04-BALMA-ROCK-1.jpg 720w, https:\/\/oldglasses.es\/wp-content\/uploads\/2023\/03\/2021_04-BALMA-ROCK-1-600x800.jpg 600w, https:\/\/oldglasses.es\/wp-content\/uploads\/2023\/03\/2021_04-BALMA-ROCK-1-225x300.jpg 225w\" sizes=\"auto, (max-width: 720px) 100vw, 720px\" \/><\/figure>\n<\/div>\n\n\n\n<div class=\"wp-block-column is-layout-flow wp-block-column-is-layout-flow\" style=\"flex-basis:25%\">\n<h1 class=\"wp-block-heading has-text-align-center has-yellow-color has-text-color\" style=\"font-size:35px\">ZALLA ANTZOKIA<\/h1>\n\n\n\n<h1 class=\"wp-block-heading has-text-align-center has-yellow-color has-text-color\" style=\"font-size:35px\">(Zalla)<\/h1>\n\n\n\n<figure class=\"wp-block-image size-full\"><img loading=\"lazy\" decoding=\"async\" width=\"720\" height=\"960\" src=\"https:\/\/oldglasses.es\/wp-content\/uploads\/2023\/03\/2021_05-ZALLA-1.jpg\" alt=\"\" class=\"wp-image-415\" srcset=\"https:\/\/oldglasses.es\/wp-content\/uploads\/2023\/03\/2021_05-ZALLA-1.jpg 720w, https:\/\/oldglasses.es\/wp-content\/uploads\/2023\/03\/2021_05-ZALLA-1-600x800.jpg 600w, https:\/\/oldglasses.es\/wp-content\/uploads\/2023\/03\/2021_05-ZALLA-1-225x300.jpg 225w\" sizes=\"auto, (max-width: 720px) 100vw, 720px\" \/><\/figure>\n<\/div>\n<\/div>\n\n\n\n<p class=\"has-yellow-color has-text-color\" style=\"font-size:20px\"><strong><em>  <\/em><\/strong><\/p>\n\n\n\n<p class=\"has-text-align-center has-yellow-color has-text-color\" style=\"font-size:70px\">En 2022 hab\u00eda mucho ya comprometido desde el 2020. A\u00fan as\u00ed conseguimos conciertos por aqu\u00ed, y presentamos nuestro directo fuera&#8230; <\/p>\n\n\n\n<div class=\"wp-block-columns is-layout-flex wp-container-core-columns-is-layout-9d6595d7 wp-block-columns-is-layout-flex\">\n<div class=\"wp-block-column is-layout-flow wp-block-column-is-layout-flow\" style=\"flex-basis:25%\">\n<h1 class=\"wp-block-heading has-text-align-center has-yellow-color has-text-color\" style=\"font-size:35px\">VILLASANA DE MENA<\/h1>\n\n\n\n<h1 class=\"wp-block-heading has-text-align-center has-yellow-color has-text-color\" style=\"font-size:35px\">(Burgos)<\/h1>\n\n\n\nngg_shortcode_0_placeholder\n<\/div>\n\n\n\n<div class=\"wp-block-column is-layout-flow wp-block-column-is-layout-flow\" style=\"flex-basis:25%\">\n<h1 class=\"wp-block-heading has-text-align-center has-yellow-color has-text-color\" style=\"font-size:35px\">HERMOSILLA<\/h1>\n\n\n\n<h1 class=\"wp-block-heading has-text-align-center has-yellow-color has-text-color\" style=\"font-size:35px\">(Burgos)<\/h1>\n\n\n\nngg_shortcode_1_placeholder\n<\/div>\n\n\n\n<div class=\"wp-block-column is-layout-flow wp-block-column-is-layout-flow\" style=\"flex-basis:25%\">\n<h1 class=\"wp-block-heading has-text-align-center has-yellow-color has-text-color\" style=\"font-size:35px\">ROA DE DUERO<\/h1>\n\n\n\n<h1 class=\"wp-block-heading has-text-align-center has-yellow-color has-text-color\" style=\"font-size:35px\">(Burgos)<\/h1>\n\n\n\nngg_shortcode_2_placeholder\n<\/div>\n\n\n\n<div class=\"wp-block-column is-layout-flow wp-block-column-is-layout-flow\" style=\"flex-basis:25%\">\n<h1 class=\"wp-block-heading has-text-align-center has-yellow-color has-text-color\" style=\"font-size:35px\">VILLARIEZO<\/h1>\n\n\n\n<h1 class=\"wp-block-heading has-text-align-center has-yellow-color has-text-color\" style=\"font-size:35px\">(Burgos)<\/h1>\n\n\n\nngg_shortcode_3_placeholder\n<\/div>\n<\/div>\n\n\n\n<div class=\"wp-block-columns is-layout-flex wp-container-core-columns-is-layout-9d6595d7 wp-block-columns-is-layout-flex\">\n<div class=\"wp-block-column is-layout-flow wp-block-column-is-layout-flow\" style=\"flex-basis:25%\">\n<h1 class=\"wp-block-heading has-text-align-center has-yellow-color has-text-color\" style=\"font-size:35px\">CANALES DE LA SIERRA<\/h1>\n\n\n\n<h1 class=\"wp-block-heading has-text-align-center has-yellow-color has-text-color\" style=\"font-size:35px\">(La Rioja) <\/h1>\n\n\n\nngg_shortcode_4_placeholder\n<\/div>\n\n\n\n<div class=\"wp-block-column is-layout-flow wp-block-column-is-layout-flow\" style=\"flex-basis:25%\">\n<h1 class=\"wp-block-heading has-text-align-center has-yellow-color has-text-color\" style=\"font-size:35px\">EL KALERO<\/h1>\n\n\n\n<h1 class=\"wp-block-heading has-text-align-center has-yellow-color has-text-color\" style=\"font-size:35px\">(Basauri)<\/h1>\n\n\n\nngg_shortcode_5_placeholder\n<\/div>\n\n\n\n<div class=\"wp-block-column is-layout-flow wp-block-column-is-layout-flow\" style=\"flex-basis:25%\">\n<h1 class=\"wp-block-heading has-text-align-center has-yellow-color has-text-color\" style=\"font-size:35px\">EL BERR\u00d3N<\/h1>\n\n\n\n<h1 class=\"wp-block-heading has-text-align-center has-yellow-color has-text-color\" style=\"font-size:35px\">(Burgos) <\/h1>\n\n\n\nngg_shortcode_6_placeholder\n<\/div>\n\n\n\n<div class=\"wp-block-column is-layout-flow wp-block-column-is-layout-flow\" style=\"flex-basis:25%\">\n<h1 class=\"wp-block-heading has-text-align-center has-yellow-color has-text-color\" style=\"font-size:35px\">MIRIBILLA<\/h1>\n\n\n\n<h1 class=\"wp-block-heading has-text-align-center has-yellow-color has-text-color\" style=\"font-size:35px\">(Bilbao)<\/h1>\n\n\n\nngg_shortcode_7_placeholder\n<\/div>\n<\/div>\n\n\n\n<p><\/p>\n","protected":false},"excerpt":{"rendered":"<p>2021, a\u00f1o 1 despu\u00e9s de la pandemia. La cosa cambi\u00f3 un poco, la m\u00fasica volvi\u00f3 a sacar la cabeza y conseguimos volver a los escenarios, con aires renovados, con el nuevo fichaje de Javi a la guitarra para terminar la temporada con nosotros SEMANA CULTURAL <span class=\"read-more\"><a class=\"more-link btn btn-transparent\" href=\"https:\/\/oldglasses.es\/index.php\/ultimos-tiempos\/\">Leer m\u00e1s&#8230;<\/a><\/span><\/p>\n","protected":false},"author":1,"featured_media":0,"parent":0,"menu_order":0,"comment_status":"closed","ping_status":"closed","template":"","meta":{"ngg_post_thumbnail":0,"footnotes":""},"class_list":["post-226","page","type-page","status-publish","hentry"],"yoast_head":"<!-- This site is optimized with the Yoast SEO plugin v27.3 - https:\/\/yoast.com\/product\/yoast-seo-wordpress\/ -->\n<title>ULTIMOS TIEMPOS - OLD GLASSES<\/title>\n<meta name=\"robots\" content=\"index, follow, max-snippet:-1, max-image-preview:large, max-video-preview:-1\" \/>\n<link rel=\"canonical\" href=\"https:\/\/oldglasses.es\/index.php\/ultimos-tiempos\/\" \/>\n<meta property=\"og:locale\" content=\"es_ES\" \/>\n<meta property=\"og:type\" content=\"article\" \/>\n<meta property=\"og:title\" content=\"ULTIMOS TIEMPOS - OLD GLASSES\" \/>\n<meta property=\"og:description\" content=\"2021, a\u00f1o 1 despu\u00e9s de la pandemia. La cosa cambi\u00f3 un poco, la m\u00fasica volvi\u00f3 a sacar la cabeza y conseguimos volver a los escenarios, con aires renovados, con el nuevo fichaje de Javi a la guitarra para terminar la temporada con nosotros SEMANA CULTURAL Leer m\u00e1s...\" \/>\n<meta property=\"og:url\" content=\"https:\/\/oldglasses.es\/index.php\/ultimos-tiempos\/\" \/>\n<meta property=\"og:site_name\" content=\"OLD GLASSES\" \/>\n<meta property=\"article:publisher\" content=\"https:\/\/www.facebook.com\/OLDGLASSESZALLA\/\" \/>\n<meta property=\"article:modified_time\" content=\"2024-08-17T21:28:12+00:00\" \/>\n<meta property=\"og:image\" content=\"https:\/\/oldglasses.es\/wp-content\/uploads\/2023\/03\/2021_02-GORDEXOLA-2.jpg\" \/>\n<meta name=\"twitter:card\" content=\"summary_large_image\" \/>\n<meta name=\"twitter:site\" content=\"@oldglasses_\" \/>\n<meta name=\"twitter:label1\" content=\"Tiempo de lectura\" \/>\n\t<meta name=\"twitter:data1\" content=\"1 minuto\" \/>\n<script type=\"application\/ld+json\" class=\"yoast-schema-graph\">{\"@context\":\"https:\\\/\\\/schema.org\",\"@graph\":[{\"@type\":\"WebPage\",\"@id\":\"https:\\\/\\\/oldglasses.es\\\/index.php\\\/ultimos-tiempos\\\/\",\"url\":\"https:\\\/\\\/oldglasses.es\\\/index.php\\\/ultimos-tiempos\\\/\",\"name\":\"ULTIMOS TIEMPOS - OLD GLASSES\",\"isPartOf\":{\"@id\":\"https:\\\/\\\/oldglasses.es\\\/#website\"},\"primaryImageOfPage\":{\"@id\":\"https:\\\/\\\/oldglasses.es\\\/index.php\\\/ultimos-tiempos\\\/#primaryimage\"},\"image\":{\"@id\":\"https:\\\/\\\/oldglasses.es\\\/index.php\\\/ultimos-tiempos\\\/#primaryimage\"},\"thumbnailUrl\":\"https:\\\/\\\/oldglasses.es\\\/wp-content\\\/uploads\\\/2023\\\/03\\\/2021_02-GORDEXOLA-2.jpg\",\"datePublished\":\"2023-02-27T03:05:30+00:00\",\"dateModified\":\"2024-08-17T21:28:12+00:00\",\"breadcrumb\":{\"@id\":\"https:\\\/\\\/oldglasses.es\\\/index.php\\\/ultimos-tiempos\\\/#breadcrumb\"},\"inLanguage\":\"es\",\"potentialAction\":[{\"@type\":\"ReadAction\",\"target\":[\"https:\\\/\\\/oldglasses.es\\\/index.php\\\/ultimos-tiempos\\\/\"]}]},{\"@type\":\"ImageObject\",\"inLanguage\":\"es\",\"@id\":\"https:\\\/\\\/oldglasses.es\\\/index.php\\\/ultimos-tiempos\\\/#primaryimage\",\"url\":\"https:\\\/\\\/oldglasses.es\\\/wp-content\\\/uploads\\\/2023\\\/03\\\/2021_02-GORDEXOLA-2.jpg\",\"contentUrl\":\"https:\\\/\\\/oldglasses.es\\\/wp-content\\\/uploads\\\/2023\\\/03\\\/2021_02-GORDEXOLA-2.jpg\",\"width\":720,\"height\":960},{\"@type\":\"BreadcrumbList\",\"@id\":\"https:\\\/\\\/oldglasses.es\\\/index.php\\\/ultimos-tiempos\\\/#breadcrumb\",\"itemListElement\":[{\"@type\":\"ListItem\",\"position\":1,\"name\":\"Portada\",\"item\":\"https:\\\/\\\/oldglasses.es\\\/\"},{\"@type\":\"ListItem\",\"position\":2,\"name\":\"ULTIMOS TIEMPOS\"}]},{\"@type\":\"WebSite\",\"@id\":\"https:\\\/\\\/oldglasses.es\\\/#website\",\"url\":\"https:\\\/\\\/oldglasses.es\\\/\",\"name\":\"OLD GLASSES\",\"description\":\"Rock Rock Rock\",\"publisher\":{\"@id\":\"https:\\\/\\\/oldglasses.es\\\/#organization\"},\"potentialAction\":[{\"@type\":\"SearchAction\",\"target\":{\"@type\":\"EntryPoint\",\"urlTemplate\":\"https:\\\/\\\/oldglasses.es\\\/?s={search_term_string}\"},\"query-input\":{\"@type\":\"PropertyValueSpecification\",\"valueRequired\":true,\"valueName\":\"search_term_string\"}}],\"inLanguage\":\"es\"},{\"@type\":\"Organization\",\"@id\":\"https:\\\/\\\/oldglasses.es\\\/#organization\",\"name\":\"OLD GLASSES\",\"url\":\"https:\\\/\\\/oldglasses.es\\\/\",\"logo\":{\"@type\":\"ImageObject\",\"inLanguage\":\"es\",\"@id\":\"https:\\\/\\\/oldglasses.es\\\/#\\\/schema\\\/logo\\\/image\\\/\",\"url\":\"https:\\\/\\\/oldglasses.es\\\/wp-content\\\/uploads\\\/2024\\\/08\\\/LOGO-OLD-GLASSES-2021_fondo.jpg\",\"contentUrl\":\"https:\\\/\\\/oldglasses.es\\\/wp-content\\\/uploads\\\/2024\\\/08\\\/LOGO-OLD-GLASSES-2021_fondo.jpg\",\"width\":729,\"height\":666,\"caption\":\"OLD GLASSES\"},\"image\":{\"@id\":\"https:\\\/\\\/oldglasses.es\\\/#\\\/schema\\\/logo\\\/image\\\/\"},\"sameAs\":[\"https:\\\/\\\/www.facebook.com\\\/OLDGLASSESZALLA\\\/\",\"https:\\\/\\\/x.com\\\/oldglasses_\",\"https:\\\/\\\/www.instagram.com\\\/oldglasses_\\\/\",\"https:\\\/\\\/www.youtube.com\\\/@oldglasses1622\"]}]}<\/script>\n<!-- \/ Yoast SEO plugin. -->","yoast_head_json":{"title":"ULTIMOS TIEMPOS - OLD GLASSES","robots":{"index":"index","follow":"follow","max-snippet":"max-snippet:-1","max-image-preview":"max-image-preview:large","max-video-preview":"max-video-preview:-1"},"canonical":"https:\/\/oldglasses.es\/index.php\/ultimos-tiempos\/","og_locale":"es_ES","og_type":"article","og_title":"ULTIMOS TIEMPOS - OLD GLASSES","og_description":"2021, a\u00f1o 1 despu\u00e9s de la pandemia. La cosa cambi\u00f3 un poco, la m\u00fasica volvi\u00f3 a sacar la cabeza y conseguimos volver a los escenarios, con aires renovados, con el nuevo fichaje de Javi a la guitarra para terminar la temporada con nosotros SEMANA CULTURAL Leer m\u00e1s...","og_url":"https:\/\/oldglasses.es\/index.php\/ultimos-tiempos\/","og_site_name":"OLD GLASSES","article_publisher":"https:\/\/www.facebook.com\/OLDGLASSESZALLA\/","article_modified_time":"2024-08-17T21:28:12+00:00","og_image":[{"url":"https:\/\/oldglasses.es\/wp-content\/uploads\/2023\/03\/2021_02-GORDEXOLA-2.jpg","type":"","width":"","height":""}],"twitter_card":"summary_large_image","twitter_site":"@oldglasses_","twitter_misc":{"Tiempo de lectura":"1 minuto"},"schema":{"@context":"https:\/\/schema.org","@graph":[{"@type":"WebPage","@id":"https:\/\/oldglasses.es\/index.php\/ultimos-tiempos\/","url":"https:\/\/oldglasses.es\/index.php\/ultimos-tiempos\/","name":"ULTIMOS TIEMPOS - OLD GLASSES","isPartOf":{"@id":"https:\/\/oldglasses.es\/#website"},"primaryImageOfPage":{"@id":"https:\/\/oldglasses.es\/index.php\/ultimos-tiempos\/#primaryimage"},"image":{"@id":"https:\/\/oldglasses.es\/index.php\/ultimos-tiempos\/#primaryimage"},"thumbnailUrl":"https:\/\/oldglasses.es\/wp-content\/uploads\/2023\/03\/2021_02-GORDEXOLA-2.jpg","datePublished":"2023-02-27T03:05:30+00:00","dateModified":"2024-08-17T21:28:12+00:00","breadcrumb":{"@id":"https:\/\/oldglasses.es\/index.php\/ultimos-tiempos\/#breadcrumb"},"inLanguage":"es","potentialAction":[{"@type":"ReadAction","target":["https:\/\/oldglasses.es\/index.php\/ultimos-tiempos\/"]}]},{"@type":"ImageObject","inLanguage":"es","@id":"https:\/\/oldglasses.es\/index.php\/ultimos-tiempos\/#primaryimage","url":"https:\/\/oldglasses.es\/wp-content\/uploads\/2023\/03\/2021_02-GORDEXOLA-2.jpg","contentUrl":"https:\/\/oldglasses.es\/wp-content\/uploads\/2023\/03\/2021_02-GORDEXOLA-2.jpg","width":720,"height":960},{"@type":"BreadcrumbList","@id":"https:\/\/oldglasses.es\/index.php\/ultimos-tiempos\/#breadcrumb","itemListElement":[{"@type":"ListItem","position":1,"name":"Portada","item":"https:\/\/oldglasses.es\/"},{"@type":"ListItem","position":2,"name":"ULTIMOS TIEMPOS"}]},{"@type":"WebSite","@id":"https:\/\/oldglasses.es\/#website","url":"https:\/\/oldglasses.es\/","name":"OLD GLASSES","description":"Rock Rock Rock","publisher":{"@id":"https:\/\/oldglasses.es\/#organization"},"potentialAction":[{"@type":"SearchAction","target":{"@type":"EntryPoint","urlTemplate":"https:\/\/oldglasses.es\/?s={search_term_string}"},"query-input":{"@type":"PropertyValueSpecification","valueRequired":true,"valueName":"search_term_string"}}],"inLanguage":"es"},{"@type":"Organization","@id":"https:\/\/oldglasses.es\/#organization","name":"OLD GLASSES","url":"https:\/\/oldglasses.es\/","logo":{"@type":"ImageObject","inLanguage":"es","@id":"https:\/\/oldglasses.es\/#\/schema\/logo\/image\/","url":"https:\/\/oldglasses.es\/wp-content\/uploads\/2024\/08\/LOGO-OLD-GLASSES-2021_fondo.jpg","contentUrl":"https:\/\/oldglasses.es\/wp-content\/uploads\/2024\/08\/LOGO-OLD-GLASSES-2021_fondo.jpg","width":729,"height":666,"caption":"OLD GLASSES"},"image":{"@id":"https:\/\/oldglasses.es\/#\/schema\/logo\/image\/"},"sameAs":["https:\/\/www.facebook.com\/OLDGLASSESZALLA\/","https:\/\/x.com\/oldglasses_","https:\/\/www.instagram.com\/oldglasses_\/","https:\/\/www.youtube.com\/@oldglasses1622"]}]}},"jetpack_sharing_enabled":true,"_links":{"self":[{"href":"https:\/\/oldglasses.es\/index.php\/wp-json\/wp\/v2\/pages\/226","targetHints":{"allow":["GET"]}}],"collection":[{"href":"https:\/\/oldglasses.es\/index.php\/wp-json\/wp\/v2\/pages"}],"about":[{"href":"https:\/\/oldglasses.es\/index.php\/wp-json\/wp\/v2\/types\/page"}],"author":[{"embeddable":true,"href":"https:\/\/oldglasses.es\/index.php\/wp-json\/wp\/v2\/users\/1"}],"replies":[{"embeddable":true,"href":"https:\/\/oldglasses.es\/index.php\/wp-json\/wp\/v2\/comments?post=226"}],"version-history":[{"count":26,"href":"https:\/\/oldglasses.es\/index.php\/wp-json\/wp\/v2\/pages\/226\/revisions"}],"predecessor-version":[{"id":1193,"href":"https:\/\/oldglasses.es\/index.php\/wp-json\/wp\/v2\/pages\/226\/revisions\/1193"}],"wp:attachment":[{"href":"https:\/\/oldglasses.es\/index.php\/wp-json\/wp\/v2\/media?parent=226"}],"curies":[{"name":"wp","href":"https:\/\/api.w.org\/{rel}","templated":true}]}}