{"id":51,"date":"2023-02-25T00:23:40","date_gmt":"2023-02-24T23:23:40","guid":{"rendered":"https:\/\/oldglasses.es\/?page_id=51"},"modified":"2024-08-17T19:41:23","modified_gmt":"2024-08-17T18:41:23","slug":"la-banda","status":"publish","type":"page","link":"https:\/\/oldglasses.es\/index.php\/la-banda\/","title":{"rendered":"LA BANDA"},"content":{"rendered":"\n<h1 class=\"wp-block-heading has-text-align-center has-yellow-color has-text-color has-link-color wp-elements-0c5243a3fc38542bf5dfab455f135785\" style=\"font-size:75px\">OLD GLASSES es rock, rock, rock.<\/h1>\n\n\n\n<p class=\"has-text-align-center has-yellow-color has-text-color has-link-color wp-elements-a8c5130998f7d860d2231a66788f9c48\" style=\"font-size:75px\">Es lo que nos define, es lo que somos, es lo que hemos mamado y es lo que queremos transmitir, pasi\u00f3n por los cl\u00e1sicos del rock.<strong><em> <\/em><\/strong><\/p>\n\n\n<div class=\"wp-block-image\">\n<figure class=\"aligncenter size-large\"><img loading=\"lazy\" decoding=\"async\" width=\"1024\" height=\"559\" src=\"https:\/\/oldglasses.es\/wp-content\/uploads\/2023\/02\/cropped-20211209-ZALLA-G205337_R-scaled-1-1024x559.jpg\" alt=\"\" class=\"wp-image-44\" srcset=\"https:\/\/oldglasses.es\/wp-content\/uploads\/2023\/02\/cropped-20211209-ZALLA-G205337_R-scaled-1-1024x559.jpg 1024w, https:\/\/oldglasses.es\/wp-content\/uploads\/2023\/02\/cropped-20211209-ZALLA-G205337_R-scaled-1-600x328.jpg 600w, https:\/\/oldglasses.es\/wp-content\/uploads\/2023\/02\/cropped-20211209-ZALLA-G205337_R-scaled-1-300x164.jpg 300w, https:\/\/oldglasses.es\/wp-content\/uploads\/2023\/02\/cropped-20211209-ZALLA-G205337_R-scaled-1-768x420.jpg 768w, https:\/\/oldglasses.es\/wp-content\/uploads\/2023\/02\/cropped-20211209-ZALLA-G205337_R-scaled-1-1536x839.jpg 1536w, https:\/\/oldglasses.es\/wp-content\/uploads\/2023\/02\/cropped-20211209-ZALLA-G205337_R-scaled-1.jpg 1900w\" sizes=\"auto, (max-width: 1024px) 100vw, 1024px\" \/><figcaption class=\"wp-element-caption\"><mark style=\"background-color:rgba(0, 0, 0, 0)\" class=\"has-inline-color has-yellow-color\">Zalla Antzokia: Foto: Galker<\/mark><\/figcaption><\/figure>\n<\/div>\n\n\n<div class=\"wp-block-columns is-layout-flex wp-container-core-columns-is-layout-9d6595d7 wp-block-columns-is-layout-flex\">\n<div class=\"wp-block-column is-layout-flow wp-block-column-is-layout-flow\">\n<figure class=\"wp-block-image size-large\"><img loading=\"lazy\" decoding=\"async\" width=\"684\" height=\"1024\" src=\"https:\/\/oldglasses.es\/wp-content\/uploads\/2024\/08\/BALMA-ROCK-SOLIDARIO_2-684x1024.jpg\" alt=\"\" class=\"wp-image-1119\" srcset=\"https:\/\/oldglasses.es\/wp-content\/uploads\/2024\/08\/BALMA-ROCK-SOLIDARIO_2-684x1024.jpg 684w, https:\/\/oldglasses.es\/wp-content\/uploads\/2024\/08\/BALMA-ROCK-SOLIDARIO_2-200x300.jpg 200w, https:\/\/oldglasses.es\/wp-content\/uploads\/2024\/08\/BALMA-ROCK-SOLIDARIO_2-600x899.jpg 600w, https:\/\/oldglasses.es\/wp-content\/uploads\/2024\/08\/BALMA-ROCK-SOLIDARIO_2.jpg 715w\" sizes=\"auto, (max-width: 684px) 100vw, 684px\" \/><figcaption class=\"wp-element-caption\"><mark style=\"background-color:rgba(0, 0, 0, 0)\" class=\"has-inline-color has-yellow-color\">Foto: C\u00e9sar Mil\u00e1n<\/mark><\/figcaption><\/figure>\n\n\n\n<h1 class=\"wp-block-heading has-text-align-center has-yellow-color has-text-color has-link-color wp-elements-932754e3a74c6da691da5fa1a4007677\"><strong>RICARDO GONZ\u00c1LEZ<\/strong><\/h1>\n\n\n\n<p class=\"has-text-align-center has-yellow-color has-text-color has-link-color wp-elements-ac9b392968665b62cd3090cf490888a3\" style=\"font-size:50px\">Voz y guitarra<\/p>\n<\/div>\n\n\n\n<div class=\"wp-block-column is-layout-flow wp-block-column-is-layout-flow\">\n<figure class=\"wp-block-image size-full\"><img loading=\"lazy\" decoding=\"async\" width=\"279\" height=\"421\" src=\"https:\/\/oldglasses.es\/wp-content\/uploads\/2024\/08\/20211009-FELIX-LAS-ARENAS-2.webp\" alt=\"\" class=\"wp-image-1120\" srcset=\"https:\/\/oldglasses.es\/wp-content\/uploads\/2024\/08\/20211009-FELIX-LAS-ARENAS-2.webp 279w, https:\/\/oldglasses.es\/wp-content\/uploads\/2024\/08\/20211009-FELIX-LAS-ARENAS-2-199x300.webp 199w\" sizes=\"auto, (max-width: 279px) 100vw, 279px\" \/><figcaption class=\"wp-element-caption\"><mark style=\"background-color:rgba(0, 0, 0, 0)\" class=\"has-inline-color has-yellow-color\">Foto: Laka<\/mark><\/figcaption><\/figure>\n\n\n\n<h1 class=\"wp-block-heading has-text-align-center has-yellow-color has-text-color has-link-color wp-elements-3312e93549c3c1618052a9d7e35fe98e\"><strong>F\u00c9LIX GARCIA<\/strong><\/h1>\n\n\n\n<p class=\"has-text-align-center has-yellow-color has-text-color has-link-color wp-elements-21ebbf29e2bef561f017da17a71f4191\" style=\"font-size:50px\">Bater\u00eda y voces<\/p>\n<\/div>\n\n\n\n<div class=\"wp-block-column is-layout-flow wp-block-column-is-layout-flow\">\n<figure class=\"wp-block-image size-large\"><img loading=\"lazy\" decoding=\"async\" width=\"684\" height=\"1024\" src=\"https:\/\/oldglasses.es\/wp-content\/uploads\/2024\/08\/BALMA-ROCK-SOLIDARIO_3-1-684x1024.jpg\" alt=\"\" class=\"wp-image-1121\" srcset=\"https:\/\/oldglasses.es\/wp-content\/uploads\/2024\/08\/BALMA-ROCK-SOLIDARIO_3-1-684x1024.jpg 684w, https:\/\/oldglasses.es\/wp-content\/uploads\/2024\/08\/BALMA-ROCK-SOLIDARIO_3-1-200x300.jpg 200w, https:\/\/oldglasses.es\/wp-content\/uploads\/2024\/08\/BALMA-ROCK-SOLIDARIO_3-1-600x899.jpg 600w, https:\/\/oldglasses.es\/wp-content\/uploads\/2024\/08\/BALMA-ROCK-SOLIDARIO_3-1.jpg 715w\" sizes=\"auto, (max-width: 684px) 100vw, 684px\" \/><figcaption class=\"wp-element-caption\"><strong><mark style=\"background-color:rgba(0, 0, 0, 0)\" class=\"has-inline-color has-yellow-color\">Foto: C\u00e9sar Mil\u00e1n<\/mark><\/strong><\/figcaption><\/figure>\n\n\n\n<h1 class=\"wp-block-heading has-text-align-center has-yellow-color has-text-color has-link-color wp-elements-65a16fb73f8ca5eb75c3ceeeb05f2f62\"><strong>ENDIKATA<\/strong><\/h1>\n\n\n\n<p class=\"has-text-align-center has-yellow-color has-text-color has-link-color wp-elements-eeceb016893f17bf1595d7e13a95b121\" style=\"font-size:50px\">Bajo y voces<\/p>\n<\/div>\n\n\n\n<div class=\"wp-block-column is-layout-flow wp-block-column-is-layout-flow\">\n<figure class=\"wp-block-image size-large\"><img loading=\"lazy\" decoding=\"async\" width=\"684\" height=\"1024\" src=\"https:\/\/oldglasses.es\/wp-content\/uploads\/2024\/08\/BALMA-ROCK-SOLIDARIO_1-684x1024.jpg\" alt=\"\" class=\"wp-image-1122\" srcset=\"https:\/\/oldglasses.es\/wp-content\/uploads\/2024\/08\/BALMA-ROCK-SOLIDARIO_1-684x1024.jpg 684w, https:\/\/oldglasses.es\/wp-content\/uploads\/2024\/08\/BALMA-ROCK-SOLIDARIO_1-200x300.jpg 200w, https:\/\/oldglasses.es\/wp-content\/uploads\/2024\/08\/BALMA-ROCK-SOLIDARIO_1-600x899.jpg 600w, https:\/\/oldglasses.es\/wp-content\/uploads\/2024\/08\/BALMA-ROCK-SOLIDARIO_1.jpg 715w\" sizes=\"auto, (max-width: 684px) 100vw, 684px\" \/><figcaption class=\"wp-element-caption\"><strong><mark style=\"background-color:rgba(0, 0, 0, 0)\" class=\"has-inline-color has-yellow-color\">Foto: C\u00e9sar Mil\u00e1n<\/mark><\/strong><\/figcaption><\/figure>\n\n\n\n<h1 class=\"wp-block-heading has-text-align-center has-yellow-color has-text-color has-link-color wp-elements-70bacd1f2bb132af489e2786a433e8a2\"><strong>JAVI LATASA<\/strong><\/h1>\n\n\n\n<p class=\"has-yellow-color has-text-color has-link-color wp-elements-5f69eb9dece8b962b32fb3fba0bafd35\" style=\"font-size:50px\">Guitarra solista y voces<\/p>\n<\/div>\n<\/div>\n","protected":false},"excerpt":{"rendered":"<p>OLD GLASSES es rock, rock, rock. Es lo que nos define, es lo que somos, es lo que hemos mamado y es lo que queremos transmitir, pasi\u00f3n por los cl\u00e1sicos del rock. RICARDO GONZ\u00c1LEZ Voz y guitarra F\u00c9LIX GARCIA Bater\u00eda y voces ENDIKATA Bajo y <span class=\"read-more\"><a class=\"more-link btn btn-transparent\" href=\"https:\/\/oldglasses.es\/index.php\/la-banda\/\">Leer m\u00e1s&#8230;<\/a><\/span><\/p>\n","protected":false},"author":1,"featured_media":0,"parent":0,"menu_order":0,"comment_status":"closed","ping_status":"closed","template":"","meta":{"ngg_post_thumbnail":0,"footnotes":""},"class_list":["post-51","page","type-page","status-publish","hentry"],"yoast_head":"<!-- This site is optimized with the Yoast SEO plugin v27.3 - https:\/\/yoast.com\/product\/yoast-seo-wordpress\/ -->\n<title>LA BANDA - OLD GLASSES<\/title>\n<meta name=\"robots\" content=\"index, follow, max-snippet:-1, max-image-preview:large, max-video-preview:-1\" \/>\n<link rel=\"canonical\" href=\"https:\/\/oldglasses.es\/index.php\/la-banda\/\" \/>\n<meta property=\"og:locale\" content=\"es_ES\" \/>\n<meta property=\"og:type\" content=\"article\" \/>\n<meta property=\"og:title\" content=\"LA BANDA - OLD GLASSES\" \/>\n<meta property=\"og:description\" content=\"OLD GLASSES es rock, rock, rock. Es lo que nos define, es lo que somos, es lo que hemos mamado y es lo que queremos transmitir, pasi\u00f3n por los cl\u00e1sicos del rock. RICARDO GONZ\u00c1LEZ Voz y guitarra F\u00c9LIX GARCIA Bater\u00eda y voces ENDIKATA Bajo y Leer m\u00e1s...\" \/>\n<meta property=\"og:url\" content=\"https:\/\/oldglasses.es\/index.php\/la-banda\/\" \/>\n<meta property=\"og:site_name\" content=\"OLD GLASSES\" \/>\n<meta property=\"article:publisher\" content=\"https:\/\/www.facebook.com\/OLDGLASSESZALLA\/\" \/>\n<meta property=\"article:modified_time\" content=\"2024-08-17T18:41:23+00:00\" \/>\n<meta property=\"og:image\" content=\"https:\/\/oldglasses.es\/wp-content\/uploads\/2023\/02\/cropped-20211209-ZALLA-G205337_R-scaled-1-1024x559.jpg\" \/>\n<meta name=\"twitter:card\" content=\"summary_large_image\" \/>\n<meta name=\"twitter:site\" content=\"@oldglasses_\" \/>\n<script type=\"application\/ld+json\" class=\"yoast-schema-graph\">{\"@context\":\"https:\\\/\\\/schema.org\",\"@graph\":[{\"@type\":\"WebPage\",\"@id\":\"https:\\\/\\\/oldglasses.es\\\/index.php\\\/la-banda\\\/\",\"url\":\"https:\\\/\\\/oldglasses.es\\\/index.php\\\/la-banda\\\/\",\"name\":\"LA BANDA - OLD GLASSES\",\"isPartOf\":{\"@id\":\"https:\\\/\\\/oldglasses.es\\\/#website\"},\"primaryImageOfPage\":{\"@id\":\"https:\\\/\\\/oldglasses.es\\\/index.php\\\/la-banda\\\/#primaryimage\"},\"image\":{\"@id\":\"https:\\\/\\\/oldglasses.es\\\/index.php\\\/la-banda\\\/#primaryimage\"},\"thumbnailUrl\":\"https:\\\/\\\/oldglasses.es\\\/wp-content\\\/uploads\\\/2023\\\/02\\\/cropped-20211209-ZALLA-G205337_R-scaled-1-1024x559.jpg\",\"datePublished\":\"2023-02-24T23:23:40+00:00\",\"dateModified\":\"2024-08-17T18:41:23+00:00\",\"breadcrumb\":{\"@id\":\"https:\\\/\\\/oldglasses.es\\\/index.php\\\/la-banda\\\/#breadcrumb\"},\"inLanguage\":\"es\",\"potentialAction\":[{\"@type\":\"ReadAction\",\"target\":[\"https:\\\/\\\/oldglasses.es\\\/index.php\\\/la-banda\\\/\"]}]},{\"@type\":\"ImageObject\",\"inLanguage\":\"es\",\"@id\":\"https:\\\/\\\/oldglasses.es\\\/index.php\\\/la-banda\\\/#primaryimage\",\"url\":\"https:\\\/\\\/oldglasses.es\\\/wp-content\\\/uploads\\\/2023\\\/02\\\/cropped-20211209-ZALLA-G205337_R-scaled-1.jpg\",\"contentUrl\":\"https:\\\/\\\/oldglasses.es\\\/wp-content\\\/uploads\\\/2023\\\/02\\\/cropped-20211209-ZALLA-G205337_R-scaled-1.jpg\",\"width\":1900,\"height\":1038},{\"@type\":\"BreadcrumbList\",\"@id\":\"https:\\\/\\\/oldglasses.es\\\/index.php\\\/la-banda\\\/#breadcrumb\",\"itemListElement\":[{\"@type\":\"ListItem\",\"position\":1,\"name\":\"Portada\",\"item\":\"https:\\\/\\\/oldglasses.es\\\/\"},{\"@type\":\"ListItem\",\"position\":2,\"name\":\"LA BANDA\"}]},{\"@type\":\"WebSite\",\"@id\":\"https:\\\/\\\/oldglasses.es\\\/#website\",\"url\":\"https:\\\/\\\/oldglasses.es\\\/\",\"name\":\"OLD GLASSES\",\"description\":\"Rock Rock Rock\",\"publisher\":{\"@id\":\"https:\\\/\\\/oldglasses.es\\\/#organization\"},\"potentialAction\":[{\"@type\":\"SearchAction\",\"target\":{\"@type\":\"EntryPoint\",\"urlTemplate\":\"https:\\\/\\\/oldglasses.es\\\/?s={search_term_string}\"},\"query-input\":{\"@type\":\"PropertyValueSpecification\",\"valueRequired\":true,\"valueName\":\"search_term_string\"}}],\"inLanguage\":\"es\"},{\"@type\":\"Organization\",\"@id\":\"https:\\\/\\\/oldglasses.es\\\/#organization\",\"name\":\"OLD GLASSES\",\"url\":\"https:\\\/\\\/oldglasses.es\\\/\",\"logo\":{\"@type\":\"ImageObject\",\"inLanguage\":\"es\",\"@id\":\"https:\\\/\\\/oldglasses.es\\\/#\\\/schema\\\/logo\\\/image\\\/\",\"url\":\"https:\\\/\\\/oldglasses.es\\\/wp-content\\\/uploads\\\/2024\\\/08\\\/LOGO-OLD-GLASSES-2021_fondo.jpg\",\"contentUrl\":\"https:\\\/\\\/oldglasses.es\\\/wp-content\\\/uploads\\\/2024\\\/08\\\/LOGO-OLD-GLASSES-2021_fondo.jpg\",\"width\":729,\"height\":666,\"caption\":\"OLD GLASSES\"},\"image\":{\"@id\":\"https:\\\/\\\/oldglasses.es\\\/#\\\/schema\\\/logo\\\/image\\\/\"},\"sameAs\":[\"https:\\\/\\\/www.facebook.com\\\/OLDGLASSESZALLA\\\/\",\"https:\\\/\\\/x.com\\\/oldglasses_\",\"https:\\\/\\\/www.instagram.com\\\/oldglasses_\\\/\",\"https:\\\/\\\/www.youtube.com\\\/@oldglasses1622\"]}]}<\/script>\n<!-- \/ Yoast SEO plugin. -->","yoast_head_json":{"title":"LA BANDA - OLD GLASSES","robots":{"index":"index","follow":"follow","max-snippet":"max-snippet:-1","max-image-preview":"max-image-preview:large","max-video-preview":"max-video-preview:-1"},"canonical":"https:\/\/oldglasses.es\/index.php\/la-banda\/","og_locale":"es_ES","og_type":"article","og_title":"LA BANDA - OLD GLASSES","og_description":"OLD GLASSES es rock, rock, rock. Es lo que nos define, es lo que somos, es lo que hemos mamado y es lo que queremos transmitir, pasi\u00f3n por los cl\u00e1sicos del rock. RICARDO GONZ\u00c1LEZ Voz y guitarra F\u00c9LIX GARCIA Bater\u00eda y voces ENDIKATA Bajo y Leer m\u00e1s...","og_url":"https:\/\/oldglasses.es\/index.php\/la-banda\/","og_site_name":"OLD GLASSES","article_publisher":"https:\/\/www.facebook.com\/OLDGLASSESZALLA\/","article_modified_time":"2024-08-17T18:41:23+00:00","og_image":[{"url":"https:\/\/oldglasses.es\/wp-content\/uploads\/2023\/02\/cropped-20211209-ZALLA-G205337_R-scaled-1-1024x559.jpg","type":"","width":"","height":""}],"twitter_card":"summary_large_image","twitter_site":"@oldglasses_","schema":{"@context":"https:\/\/schema.org","@graph":[{"@type":"WebPage","@id":"https:\/\/oldglasses.es\/index.php\/la-banda\/","url":"https:\/\/oldglasses.es\/index.php\/la-banda\/","name":"LA BANDA - OLD GLASSES","isPartOf":{"@id":"https:\/\/oldglasses.es\/#website"},"primaryImageOfPage":{"@id":"https:\/\/oldglasses.es\/index.php\/la-banda\/#primaryimage"},"image":{"@id":"https:\/\/oldglasses.es\/index.php\/la-banda\/#primaryimage"},"thumbnailUrl":"https:\/\/oldglasses.es\/wp-content\/uploads\/2023\/02\/cropped-20211209-ZALLA-G205337_R-scaled-1-1024x559.jpg","datePublished":"2023-02-24T23:23:40+00:00","dateModified":"2024-08-17T18:41:23+00:00","breadcrumb":{"@id":"https:\/\/oldglasses.es\/index.php\/la-banda\/#breadcrumb"},"inLanguage":"es","potentialAction":[{"@type":"ReadAction","target":["https:\/\/oldglasses.es\/index.php\/la-banda\/"]}]},{"@type":"ImageObject","inLanguage":"es","@id":"https:\/\/oldglasses.es\/index.php\/la-banda\/#primaryimage","url":"https:\/\/oldglasses.es\/wp-content\/uploads\/2023\/02\/cropped-20211209-ZALLA-G205337_R-scaled-1.jpg","contentUrl":"https:\/\/oldglasses.es\/wp-content\/uploads\/2023\/02\/cropped-20211209-ZALLA-G205337_R-scaled-1.jpg","width":1900,"height":1038},{"@type":"BreadcrumbList","@id":"https:\/\/oldglasses.es\/index.php\/la-banda\/#breadcrumb","itemListElement":[{"@type":"ListItem","position":1,"name":"Portada","item":"https:\/\/oldglasses.es\/"},{"@type":"ListItem","position":2,"name":"LA BANDA"}]},{"@type":"WebSite","@id":"https:\/\/oldglasses.es\/#website","url":"https:\/\/oldglasses.es\/","name":"OLD GLASSES","description":"Rock Rock Rock","publisher":{"@id":"https:\/\/oldglasses.es\/#organization"},"potentialAction":[{"@type":"SearchAction","target":{"@type":"EntryPoint","urlTemplate":"https:\/\/oldglasses.es\/?s={search_term_string}"},"query-input":{"@type":"PropertyValueSpecification","valueRequired":true,"valueName":"search_term_string"}}],"inLanguage":"es"},{"@type":"Organization","@id":"https:\/\/oldglasses.es\/#organization","name":"OLD GLASSES","url":"https:\/\/oldglasses.es\/","logo":{"@type":"ImageObject","inLanguage":"es","@id":"https:\/\/oldglasses.es\/#\/schema\/logo\/image\/","url":"https:\/\/oldglasses.es\/wp-content\/uploads\/2024\/08\/LOGO-OLD-GLASSES-2021_fondo.jpg","contentUrl":"https:\/\/oldglasses.es\/wp-content\/uploads\/2024\/08\/LOGO-OLD-GLASSES-2021_fondo.jpg","width":729,"height":666,"caption":"OLD GLASSES"},"image":{"@id":"https:\/\/oldglasses.es\/#\/schema\/logo\/image\/"},"sameAs":["https:\/\/www.facebook.com\/OLDGLASSESZALLA\/","https:\/\/x.com\/oldglasses_","https:\/\/www.instagram.com\/oldglasses_\/","https:\/\/www.youtube.com\/@oldglasses1622"]}]}},"jetpack_sharing_enabled":true,"_links":{"self":[{"href":"https:\/\/oldglasses.es\/index.php\/wp-json\/wp\/v2\/pages\/51","targetHints":{"allow":["GET"]}}],"collection":[{"href":"https:\/\/oldglasses.es\/index.php\/wp-json\/wp\/v2\/pages"}],"about":[{"href":"https:\/\/oldglasses.es\/index.php\/wp-json\/wp\/v2\/types\/page"}],"author":[{"embeddable":true,"href":"https:\/\/oldglasses.es\/index.php\/wp-json\/wp\/v2\/users\/1"}],"replies":[{"embeddable":true,"href":"https:\/\/oldglasses.es\/index.php\/wp-json\/wp\/v2\/comments?post=51"}],"version-history":[{"count":47,"href":"https:\/\/oldglasses.es\/index.php\/wp-json\/wp\/v2\/pages\/51\/revisions"}],"predecessor-version":[{"id":1126,"href":"https:\/\/oldglasses.es\/index.php\/wp-json\/wp\/v2\/pages\/51\/revisions\/1126"}],"wp:attachment":[{"href":"https:\/\/oldglasses.es\/index.php\/wp-json\/wp\/v2\/media?parent=51"}],"curies":[{"name":"wp","href":"https:\/\/api.w.org\/{rel}","templated":true}]}}