{"id":69,"date":"2023-02-25T01:07:16","date_gmt":"2023-02-25T00:07:16","guid":{"rendered":"https:\/\/oldglasses.es\/?page_id=69"},"modified":"2026-03-10T19:19:27","modified_gmt":"2026-03-10T18:19:27","slug":"que-hacemos","status":"publish","type":"page","link":"https:\/\/oldglasses.es\/","title":{"rendered":"QUE HACEMOS"},"content":{"rendered":"\n<div class=\"wp-block-columns is-layout-flex wp-container-core-columns-is-layout-9d6595d7 wp-block-columns-is-layout-flex\">\n<div class=\"wp-block-column is-layout-flow wp-block-column-is-layout-flow\">\n<figure class=\"wp-block-embed is-type-video is-provider-youtube wp-block-embed-youtube wp-embed-aspect-16-9 wp-has-aspect-ratio\"><div class=\"wp-block-embed__wrapper\">\n<iframe loading=\"lazy\" title=\"Old Glasses Promo E.H.\" width=\"840\" height=\"473\" src=\"https:\/\/www.youtube.com\/embed\/bWqFC6W2SV0?feature=oembed\" frameborder=\"0\" allow=\"accelerometer; autoplay; clipboard-write; encrypted-media; gyroscope; picture-in-picture; web-share\" referrerpolicy=\"strict-origin-when-cross-origin\" allowfullscreen><\/iframe>\n<\/div><\/figure>\n<\/div>\n\n\n\n<div class=\"wp-block-column is-layout-flow wp-block-column-is-layout-flow\">\n<figure class=\"wp-block-embed is-type-video is-provider-youtube wp-block-embed-youtube wp-embed-aspect-16-9 wp-has-aspect-ratio\"><div class=\"wp-block-embed__wrapper\">\n<iframe loading=\"lazy\" title=\"Old Glasses Promo\" width=\"840\" height=\"473\" src=\"https:\/\/www.youtube.com\/embed\/MNsJDltm21E?feature=oembed\" frameborder=\"0\" allow=\"accelerometer; autoplay; clipboard-write; encrypted-media; gyroscope; picture-in-picture; web-share\" referrerpolicy=\"strict-origin-when-cross-origin\" allowfullscreen><\/iframe>\n<\/div><\/figure>\n<\/div>\n<\/div>\n\n\n\n<p class=\"has-text-align-center has-yellow-color has-text-color\" style=\"font-size:70px\">\u00bfQu\u00e9 mejor forma de mostrar lo que hacemos que vernos en acci\u00f3n? Aqu\u00ed ten\u00e9is una muestra&#8230;<\/p>\n\n\n\n<p class=\"has-text-align-center has-yellow-color has-text-color\" style=\"font-size:70px\">Como veis aqu\u00ed, nuestro show se dirige m\u00e1s a fiestas patronales y eventos conmemorativos, pero no cerramos las puertas a fiestas privadas, bodas, etc.<\/p>\n\n\n\n<div class=\"wp-block-columns is-layout-flex wp-container-core-columns-is-layout-9d6595d7 wp-block-columns-is-layout-flex\">\n<div class=\"wp-block-column is-layout-flow wp-block-column-is-layout-flow\">\n<figure class=\"wp-block-image size-full\"><img loading=\"lazy\" decoding=\"async\" width=\"1025\" height=\"682\" src=\"https:\/\/oldglasses.es\/wp-content\/uploads\/2025\/12\/20240928-OLD-GLASSES-ZALLAKO-JAIETANr2jpeg.jpg\" alt=\"\" class=\"wp-image-1532\" srcset=\"https:\/\/oldglasses.es\/wp-content\/uploads\/2025\/12\/20240928-OLD-GLASSES-ZALLAKO-JAIETANr2jpeg.jpg 1025w, https:\/\/oldglasses.es\/wp-content\/uploads\/2025\/12\/20240928-OLD-GLASSES-ZALLAKO-JAIETANr2jpeg-300x200.jpg 300w, https:\/\/oldglasses.es\/wp-content\/uploads\/2025\/12\/20240928-OLD-GLASSES-ZALLAKO-JAIETANr2jpeg-768x511.jpg 768w, https:\/\/oldglasses.es\/wp-content\/uploads\/2025\/12\/20240928-OLD-GLASSES-ZALLAKO-JAIETANr2jpeg-420x280.jpg 420w, https:\/\/oldglasses.es\/wp-content\/uploads\/2025\/12\/20240928-OLD-GLASSES-ZALLAKO-JAIETANr2jpeg-385x257.jpg 385w, https:\/\/oldglasses.es\/wp-content\/uploads\/2025\/12\/20240928-OLD-GLASSES-ZALLAKO-JAIETANr2jpeg-600x399.jpg 600w\" sizes=\"auto, (max-width: 1025px) 100vw, 1025px\" \/><\/figure>\n<\/div>\n\n\n\n<div class=\"wp-block-column is-layout-flow wp-block-column-is-layout-flow\">\n<figure class=\"wp-block-image size-large\"><img loading=\"lazy\" decoding=\"async\" width=\"1024\" height=\"683\" src=\"https:\/\/oldglasses.es\/wp-content\/uploads\/2025\/12\/20231103-OLD-GLASSES-EL-COMERCIO-1024x683.jpg\" alt=\"\" class=\"wp-image-1528\" srcset=\"https:\/\/oldglasses.es\/wp-content\/uploads\/2025\/12\/20231103-OLD-GLASSES-EL-COMERCIO-1024x683.jpg 1024w, https:\/\/oldglasses.es\/wp-content\/uploads\/2025\/12\/20231103-OLD-GLASSES-EL-COMERCIO-300x200.jpg 300w, https:\/\/oldglasses.es\/wp-content\/uploads\/2025\/12\/20231103-OLD-GLASSES-EL-COMERCIO-768x512.jpg 768w, https:\/\/oldglasses.es\/wp-content\/uploads\/2025\/12\/20231103-OLD-GLASSES-EL-COMERCIO-1536x1024.jpg 1536w, https:\/\/oldglasses.es\/wp-content\/uploads\/2025\/12\/20231103-OLD-GLASSES-EL-COMERCIO-2048x1365.jpg 2048w, https:\/\/oldglasses.es\/wp-content\/uploads\/2025\/12\/20231103-OLD-GLASSES-EL-COMERCIO-420x280.jpg 420w, https:\/\/oldglasses.es\/wp-content\/uploads\/2025\/12\/20231103-OLD-GLASSES-EL-COMERCIO-385x257.jpg 385w, https:\/\/oldglasses.es\/wp-content\/uploads\/2025\/12\/20231103-OLD-GLASSES-EL-COMERCIO-600x400.jpg 600w\" sizes=\"auto, (max-width: 1024px) 100vw, 1024px\" \/><\/figure>\n<\/div>\n\n\n\n<div class=\"wp-block-column is-layout-flow wp-block-column-is-layout-flow\">\n<figure class=\"wp-block-image size-large\"><img loading=\"lazy\" decoding=\"async\" width=\"1024\" height=\"683\" src=\"https:\/\/oldglasses.es\/wp-content\/uploads\/2025\/12\/20250705-OLD-GLASSES-MENDIGOIKOA-BEKOA-1024x683.jpeg\" alt=\"\" class=\"wp-image-1521\" srcset=\"https:\/\/oldglasses.es\/wp-content\/uploads\/2025\/12\/20250705-OLD-GLASSES-MENDIGOIKOA-BEKOA-1024x683.jpeg 1024w, https:\/\/oldglasses.es\/wp-content\/uploads\/2025\/12\/20250705-OLD-GLASSES-MENDIGOIKOA-BEKOA-300x200.jpeg 300w, https:\/\/oldglasses.es\/wp-content\/uploads\/2025\/12\/20250705-OLD-GLASSES-MENDIGOIKOA-BEKOA-768x512.jpeg 768w, https:\/\/oldglasses.es\/wp-content\/uploads\/2025\/12\/20250705-OLD-GLASSES-MENDIGOIKOA-BEKOA-420x280.jpeg 420w, https:\/\/oldglasses.es\/wp-content\/uploads\/2025\/12\/20250705-OLD-GLASSES-MENDIGOIKOA-BEKOA-385x257.jpeg 385w, https:\/\/oldglasses.es\/wp-content\/uploads\/2025\/12\/20250705-OLD-GLASSES-MENDIGOIKOA-BEKOA-600x400.jpeg 600w, https:\/\/oldglasses.es\/wp-content\/uploads\/2025\/12\/20250705-OLD-GLASSES-MENDIGOIKOA-BEKOA.jpeg 1536w\" sizes=\"auto, (max-width: 1024px) 100vw, 1024px\" \/><\/figure>\n<\/div>\n<\/div>\n\n\n\n<p><\/p>\n\n\n\n<p class=\"has-text-align-center has-yellow-color has-text-color has-link-color wp-elements-ea98475fedaa22847916d78128ea35b2\" style=\"font-size:70px\">\u00bfY qu\u00e9 te vas a encontrar?                             Cl\u00e1sicos de rock los \u00faltimos 70 a\u00f1os, los temas m\u00e1s reconocibles de las bandas m\u00e1s ic\u00f3nicas de historia, tus primeros vinilos, tus primeros conciertos:<\/p>\n\n\n\n<h1 class=\"wp-block-heading has-text-align-center has-yellow-color has-text-color has-link-color wp-elements-2cb58003dca080337faac32acde1fbdc\" style=\"font-size:35px\">Chuck Berry \u00b7 Bill Haley &amp; His Comets \u00b7 Ray Charles \u00b7 Elvis Presley \u00b7 Chubby Chacker \u00b7 Little Ritchard \u00b7Scorpions \u00b7 Bon Jovi \u00b7 The White Stripes \u00b7 Blur \u00b7 AC\/DC \u00b7 Iron Maiden \u00b7 Metallica \u00b7 Europe \u00b7 Marilyn Manson \u00b7 Guns N\u2019 Roses \u00b7 Toto \u00b7 Queen \u00b7 Exkixu \u00b7 Itoiz \u00b7 Ken Zazpi \u00b7 Hertzainak \u00b7 Latzen \u00b7 Gatibu \u00b7 Xeic! \u00b7 ETS \u00b7 Berri Txarrak \u00b7 Su Ta Gar \u00b7 Delirium Tremens \u00b7 Rotten XIII \u00b7 Ilegales \u00b7 La Polla Records \u00b7 Los Suaves \u00b7 Le\u00f1o \u00b7 Rosendo \u00b7 Extemoduro \u00b7 Barricada \u00b7 Ramones \u00b7 Black Sabbath \u00b7 Miguel R\u00edos \u00b7 Radio Futura \u00b7 Loquillo \u00b7 Coz \u00b7 Polansky y El Ardor \u00b7 Duncan Dhu \u00b7 La Uni\u00f3n \u00b7 M Clan \u00b7 Hombres G \u00b7 Man\u00e1 \u00b7 Fito \u00b7 Doctor Deseo \u00b7 Tequila \u00b7 Platero y T\u00fa \u00b7 Los Zigarros \u00b7 Joe Cocker \u00b7 Joan Jett \u00b7 Opus \u00b7 George Michael \u00b7 Culture Club \u00b7 Survivor \u00b7 Spin Doctors \u00b7 Donna Summer \u00b7 Los Lobos \u00b7 Zucchero \u00b7 Baltimora \u00b7 Michael Sambello \u00b7 A-Ha \u00b7 The Primitives \u00b7 Katrina &amp; The Waves \u00b7 Dire Straits \u00b7 The Knack \u00b7 Status Quo \u00b7 Gary Moore \u00b7 Deep Purple \u00b7 Doobie Brothers \u00b7 Eagles \u00b7 Manolo Tena \u00b7 Joaqu\u00edn Sabina \u00b7 Moris \u00b7 Santana \u00b7 Seguridad Social \u00b7 Police \u00b7 Thin Lizzy \u00b7 Green Day \u00b7 Iheskide \u00b7 Reincidentes \u00b7 Neil Young \u00b7 Offspring \u00b7 Imagine Dragons \u00b7 Ozzy Osbourne \u00b7 Kansas \u00b7 Van Halen \u00b7 Robbie Williams, y muchos m\u00e1s&#8230;<\/h1>\n","protected":false},"excerpt":{"rendered":"<p>\u00bfQu\u00e9 mejor forma de mostrar lo que hacemos que vernos en acci\u00f3n? Aqu\u00ed ten\u00e9is una muestra&#8230; Como veis aqu\u00ed, nuestro show se dirige m\u00e1s a fiestas patronales y eventos conmemorativos, pero no cerramos las puertas a fiestas privadas, bodas, etc. \u00bfY qu\u00e9 te vas a <span class=\"read-more\"><a class=\"more-link btn btn-transparent\" href=\"https:\/\/oldglasses.es\/\">Leer m\u00e1s&#8230;<\/a><\/span><\/p>\n","protected":false},"author":1,"featured_media":0,"parent":0,"menu_order":0,"comment_status":"closed","ping_status":"closed","template":"","meta":{"ngg_post_thumbnail":0,"footnotes":""},"class_list":["post-69","page","type-page","status-publish","hentry"],"yoast_head":"<!-- This site is optimized with the Yoast SEO plugin v27.6 - https:\/\/yoast.com\/product\/yoast-seo-wordpress\/ -->\n<title>QUE HACEMOS - OLD GLASSES<\/title>\n<meta name=\"robots\" content=\"index, follow, max-snippet:-1, max-image-preview:large, max-video-preview:-1\" \/>\n<link rel=\"canonical\" href=\"https:\/\/oldglasses.es\/\" \/>\n<meta property=\"og:locale\" content=\"es_ES\" \/>\n<meta property=\"og:type\" content=\"article\" \/>\n<meta property=\"og:title\" content=\"QUE HACEMOS - OLD GLASSES\" \/>\n<meta property=\"og:description\" content=\"\u00bfQu\u00e9 mejor forma de mostrar lo que hacemos que vernos en acci\u00f3n? Aqu\u00ed ten\u00e9is una muestra&#8230; Como veis aqu\u00ed, nuestro show se dirige m\u00e1s a fiestas patronales y eventos conmemorativos, pero no cerramos las puertas a fiestas privadas, bodas, etc. \u00bfY qu\u00e9 te vas a Leer m\u00e1s...\" \/>\n<meta property=\"og:url\" content=\"https:\/\/oldglasses.es\/\" \/>\n<meta property=\"og:site_name\" content=\"OLD GLASSES\" \/>\n<meta property=\"article:publisher\" content=\"https:\/\/www.facebook.com\/OLDGLASSESZALLA\/\" \/>\n<meta property=\"article:modified_time\" content=\"2026-03-10T18:19:27+00:00\" \/>\n<meta property=\"og:image\" content=\"https:\/\/oldglasses.es\/wp-content\/uploads\/2025\/12\/20240928-OLD-GLASSES-ZALLAKO-JAIETANr2jpeg.jpg\" \/>\n\t<meta property=\"og:image:width\" content=\"1025\" \/>\n\t<meta property=\"og:image:height\" content=\"682\" \/>\n\t<meta property=\"og:image:type\" content=\"image\/jpeg\" \/>\n<meta name=\"twitter:card\" content=\"summary_large_image\" \/>\n<meta name=\"twitter:site\" content=\"@oldglasses_\" \/>\n<meta name=\"twitter:label1\" content=\"Tiempo de lectura\" \/>\n\t<meta name=\"twitter:data1\" content=\"3 minutos\" \/>\n<script type=\"application\/ld+json\" class=\"yoast-schema-graph\">{\"@context\":\"https:\\\/\\\/schema.org\",\"@graph\":[{\"@type\":\"WebPage\",\"@id\":\"https:\\\/\\\/oldglasses.es\\\/\",\"url\":\"https:\\\/\\\/oldglasses.es\\\/\",\"name\":\"QUE HACEMOS - OLD GLASSES\",\"isPartOf\":{\"@id\":\"https:\\\/\\\/oldglasses.es\\\/#website\"},\"primaryImageOfPage\":{\"@id\":\"https:\\\/\\\/oldglasses.es\\\/#primaryimage\"},\"image\":{\"@id\":\"https:\\\/\\\/oldglasses.es\\\/#primaryimage\"},\"thumbnailUrl\":\"https:\\\/\\\/oldglasses.es\\\/wp-content\\\/uploads\\\/2025\\\/12\\\/20240928-OLD-GLASSES-ZALLAKO-JAIETANr2jpeg.jpg\",\"datePublished\":\"2023-02-25T00:07:16+00:00\",\"dateModified\":\"2026-03-10T18:19:27+00:00\",\"breadcrumb\":{\"@id\":\"https:\\\/\\\/oldglasses.es\\\/#breadcrumb\"},\"inLanguage\":\"es\",\"potentialAction\":[{\"@type\":\"ReadAction\",\"target\":[\"https:\\\/\\\/oldglasses.es\\\/\"]}]},{\"@type\":\"ImageObject\",\"inLanguage\":\"es\",\"@id\":\"https:\\\/\\\/oldglasses.es\\\/#primaryimage\",\"url\":\"https:\\\/\\\/oldglasses.es\\\/wp-content\\\/uploads\\\/2025\\\/12\\\/20240928-OLD-GLASSES-ZALLAKO-JAIETANr2jpeg.jpg\",\"contentUrl\":\"https:\\\/\\\/oldglasses.es\\\/wp-content\\\/uploads\\\/2025\\\/12\\\/20240928-OLD-GLASSES-ZALLAKO-JAIETANr2jpeg.jpg\",\"width\":1025,\"height\":682},{\"@type\":\"BreadcrumbList\",\"@id\":\"https:\\\/\\\/oldglasses.es\\\/#breadcrumb\",\"itemListElement\":[{\"@type\":\"ListItem\",\"position\":1,\"name\":\"Portada\",\"item\":\"https:\\\/\\\/oldglasses.es\\\/\"},{\"@type\":\"ListItem\",\"position\":2,\"name\":\"QUE HACEMOS\"}]},{\"@type\":\"WebSite\",\"@id\":\"https:\\\/\\\/oldglasses.es\\\/#website\",\"url\":\"https:\\\/\\\/oldglasses.es\\\/\",\"name\":\"OLD GLASSES\",\"description\":\"Rock Rock Rock\",\"publisher\":{\"@id\":\"https:\\\/\\\/oldglasses.es\\\/#organization\"},\"potentialAction\":[{\"@type\":\"SearchAction\",\"target\":{\"@type\":\"EntryPoint\",\"urlTemplate\":\"https:\\\/\\\/oldglasses.es\\\/?s={search_term_string}\"},\"query-input\":{\"@type\":\"PropertyValueSpecification\",\"valueRequired\":true,\"valueName\":\"search_term_string\"}}],\"inLanguage\":\"es\"},{\"@type\":\"Organization\",\"@id\":\"https:\\\/\\\/oldglasses.es\\\/#organization\",\"name\":\"OLD GLASSES\",\"url\":\"https:\\\/\\\/oldglasses.es\\\/\",\"logo\":{\"@type\":\"ImageObject\",\"inLanguage\":\"es\",\"@id\":\"https:\\\/\\\/oldglasses.es\\\/#\\\/schema\\\/logo\\\/image\\\/\",\"url\":\"https:\\\/\\\/oldglasses.es\\\/wp-content\\\/uploads\\\/2024\\\/08\\\/LOGO-OLD-GLASSES-2021_fondo.jpg\",\"contentUrl\":\"https:\\\/\\\/oldglasses.es\\\/wp-content\\\/uploads\\\/2024\\\/08\\\/LOGO-OLD-GLASSES-2021_fondo.jpg\",\"width\":729,\"height\":666,\"caption\":\"OLD GLASSES\"},\"image\":{\"@id\":\"https:\\\/\\\/oldglasses.es\\\/#\\\/schema\\\/logo\\\/image\\\/\"},\"sameAs\":[\"https:\\\/\\\/www.facebook.com\\\/OLDGLASSESZALLA\\\/\",\"https:\\\/\\\/x.com\\\/oldglasses_\",\"https:\\\/\\\/www.instagram.com\\\/oldglasses_\\\/\",\"https:\\\/\\\/www.youtube.com\\\/@oldglasses1622\"]}]}<\/script>\n<!-- \/ Yoast SEO plugin. -->","yoast_head_json":{"title":"QUE HACEMOS - OLD GLASSES","robots":{"index":"index","follow":"follow","max-snippet":"max-snippet:-1","max-image-preview":"max-image-preview:large","max-video-preview":"max-video-preview:-1"},"canonical":"https:\/\/oldglasses.es\/","og_locale":"es_ES","og_type":"article","og_title":"QUE HACEMOS - OLD GLASSES","og_description":"\u00bfQu\u00e9 mejor forma de mostrar lo que hacemos que vernos en acci\u00f3n? Aqu\u00ed ten\u00e9is una muestra&#8230; Como veis aqu\u00ed, nuestro show se dirige m\u00e1s a fiestas patronales y eventos conmemorativos, pero no cerramos las puertas a fiestas privadas, bodas, etc. \u00bfY qu\u00e9 te vas a Leer m\u00e1s...","og_url":"https:\/\/oldglasses.es\/","og_site_name":"OLD GLASSES","article_publisher":"https:\/\/www.facebook.com\/OLDGLASSESZALLA\/","article_modified_time":"2026-03-10T18:19:27+00:00","og_image":[{"width":1025,"height":682,"url":"https:\/\/oldglasses.es\/wp-content\/uploads\/2025\/12\/20240928-OLD-GLASSES-ZALLAKO-JAIETANr2jpeg.jpg","type":"image\/jpeg"}],"twitter_card":"summary_large_image","twitter_site":"@oldglasses_","twitter_misc":{"Tiempo de lectura":"3 minutos"},"schema":{"@context":"https:\/\/schema.org","@graph":[{"@type":"WebPage","@id":"https:\/\/oldglasses.es\/","url":"https:\/\/oldglasses.es\/","name":"QUE HACEMOS - OLD GLASSES","isPartOf":{"@id":"https:\/\/oldglasses.es\/#website"},"primaryImageOfPage":{"@id":"https:\/\/oldglasses.es\/#primaryimage"},"image":{"@id":"https:\/\/oldglasses.es\/#primaryimage"},"thumbnailUrl":"https:\/\/oldglasses.es\/wp-content\/uploads\/2025\/12\/20240928-OLD-GLASSES-ZALLAKO-JAIETANr2jpeg.jpg","datePublished":"2023-02-25T00:07:16+00:00","dateModified":"2026-03-10T18:19:27+00:00","breadcrumb":{"@id":"https:\/\/oldglasses.es\/#breadcrumb"},"inLanguage":"es","potentialAction":[{"@type":"ReadAction","target":["https:\/\/oldglasses.es\/"]}]},{"@type":"ImageObject","inLanguage":"es","@id":"https:\/\/oldglasses.es\/#primaryimage","url":"https:\/\/oldglasses.es\/wp-content\/uploads\/2025\/12\/20240928-OLD-GLASSES-ZALLAKO-JAIETANr2jpeg.jpg","contentUrl":"https:\/\/oldglasses.es\/wp-content\/uploads\/2025\/12\/20240928-OLD-GLASSES-ZALLAKO-JAIETANr2jpeg.jpg","width":1025,"height":682},{"@type":"BreadcrumbList","@id":"https:\/\/oldglasses.es\/#breadcrumb","itemListElement":[{"@type":"ListItem","position":1,"name":"Portada","item":"https:\/\/oldglasses.es\/"},{"@type":"ListItem","position":2,"name":"QUE HACEMOS"}]},{"@type":"WebSite","@id":"https:\/\/oldglasses.es\/#website","url":"https:\/\/oldglasses.es\/","name":"OLD GLASSES","description":"Rock Rock Rock","publisher":{"@id":"https:\/\/oldglasses.es\/#organization"},"potentialAction":[{"@type":"SearchAction","target":{"@type":"EntryPoint","urlTemplate":"https:\/\/oldglasses.es\/?s={search_term_string}"},"query-input":{"@type":"PropertyValueSpecification","valueRequired":true,"valueName":"search_term_string"}}],"inLanguage":"es"},{"@type":"Organization","@id":"https:\/\/oldglasses.es\/#organization","name":"OLD GLASSES","url":"https:\/\/oldglasses.es\/","logo":{"@type":"ImageObject","inLanguage":"es","@id":"https:\/\/oldglasses.es\/#\/schema\/logo\/image\/","url":"https:\/\/oldglasses.es\/wp-content\/uploads\/2024\/08\/LOGO-OLD-GLASSES-2021_fondo.jpg","contentUrl":"https:\/\/oldglasses.es\/wp-content\/uploads\/2024\/08\/LOGO-OLD-GLASSES-2021_fondo.jpg","width":729,"height":666,"caption":"OLD GLASSES"},"image":{"@id":"https:\/\/oldglasses.es\/#\/schema\/logo\/image\/"},"sameAs":["https:\/\/www.facebook.com\/OLDGLASSESZALLA\/","https:\/\/x.com\/oldglasses_","https:\/\/www.instagram.com\/oldglasses_\/","https:\/\/www.youtube.com\/@oldglasses1622"]}]}},"jetpack_sharing_enabled":true,"_links":{"self":[{"href":"https:\/\/oldglasses.es\/index.php\/wp-json\/wp\/v2\/pages\/69","targetHints":{"allow":["GET"]}}],"collection":[{"href":"https:\/\/oldglasses.es\/index.php\/wp-json\/wp\/v2\/pages"}],"about":[{"href":"https:\/\/oldglasses.es\/index.php\/wp-json\/wp\/v2\/types\/page"}],"author":[{"embeddable":true,"href":"https:\/\/oldglasses.es\/index.php\/wp-json\/wp\/v2\/users\/1"}],"replies":[{"embeddable":true,"href":"https:\/\/oldglasses.es\/index.php\/wp-json\/wp\/v2\/comments?post=69"}],"version-history":[{"count":41,"href":"https:\/\/oldglasses.es\/index.php\/wp-json\/wp\/v2\/pages\/69\/revisions"}],"predecessor-version":[{"id":1611,"href":"https:\/\/oldglasses.es\/index.php\/wp-json\/wp\/v2\/pages\/69\/revisions\/1611"}],"wp:attachment":[{"href":"https:\/\/oldglasses.es\/index.php\/wp-json\/wp\/v2\/media?parent=69"}],"curies":[{"name":"wp","href":"https:\/\/api.w.org\/{rel}","templated":true}]}}