{"id":72,"date":"2023-02-25T01:07:17","date_gmt":"2023-02-25T00:07:17","guid":{"rendered":"https:\/\/oldglasses.es\/?page_id=72"},"modified":"2023-03-14T23:54:49","modified_gmt":"2023-03-14T22:54:49","slug":"contrataciones","status":"publish","type":"page","link":"https:\/\/oldglasses.es\/index.php\/contrataciones\/","title":{"rendered":"CONTRATACIONES"},"content":{"rendered":"\n<p class=\"has-yellow-color has-text-color\" style=\"font-size:2px\"><\/p>\n\n\n\n<p class=\"has-text-align-center has-yellow-color has-text-color\" style=\"font-size:100px\">\u00bfQu\u00e9 necesitas?<\/p>\n\n\n<div class=\"wpforms-container wpforms-container-full wpforms-block\" id=\"wpforms-252\"><form id=\"wpforms-form-252\" class=\"wpforms-validate wpforms-form wpforms-ajax-form\" data-formid=\"252\" method=\"post\" enctype=\"multipart\/form-data\" action=\"\/index.php\/wp-json\/wp\/v2\/pages\/72\" data-token=\"67127a07dc890222f305a807defee5a3\" data-token-time=\"1776170001\"><noscript class=\"wpforms-error-noscript\">Por favor, activa JavaScript en tu navegador para completar este formulario.<\/noscript><div class=\"wpforms-field-container\"><div id=\"wpforms-252-field_1-container\" class=\"wpforms-field wpforms-field-name\" data-field-id=\"1\"><label class=\"wpforms-field-label\" for=\"wpforms-252-field_1\">\u00bfQui\u00e9n solicita el presupuesto? <span class=\"wpforms-required-label\">*<\/span><\/label><input type=\"text\" id=\"wpforms-252-field_1\" class=\"wpforms-field-large wpforms-field-required\" name=\"wpforms[fields][1]\" required><div class=\"wpforms-field-description\">(Empresa, ayuntamiento, comisi\u00f3n de fiestas&#8230;)<\/div><\/div><div id=\"wpforms-252-field_2-container\" class=\"wpforms-field wpforms-field-email\" data-field-id=\"2\"><label class=\"wpforms-field-label\" for=\"wpforms-252-field_2\">Correo electr\u00f3nico <span class=\"wpforms-required-label\">*<\/span><\/label><input type=\"email\" id=\"wpforms-252-field_2\" class=\"wpforms-field-medium wpforms-field-required\" name=\"wpforms[fields][2]\" spellcheck=\"false\" required><\/div><div id=\"wpforms-252-field_19-container\" class=\"wpforms-field wpforms-field-text\" data-field-id=\"19\"><label class=\"wpforms-field-label\" for=\"wpforms-252-field_19\">Tel\u00e9fono de contacto<\/label><input type=\"text\" id=\"wpforms-252-field_19\" class=\"wpforms-field-small\" name=\"wpforms[fields][19]\" ><div class=\"wpforms-field-description\">(opcional)<\/div><\/div><div id=\"wpforms-252-field_13-container\" class=\"wpforms-field wpforms-field-select wpforms-field-select-style-classic\" data-field-id=\"13\"><label class=\"wpforms-field-label\" for=\"wpforms-252-field_13\">Tipo de Evento <span class=\"wpforms-required-label\">*<\/span><\/label><select id=\"wpforms-252-field_13\" class=\"wpforms-field-medium wpforms-field-required\" name=\"wpforms[fields][13]\" required=\"required\"><option value=\"Opci\u00f3n 2\"  class=\"choice-2 depth-1\"  >Opci\u00f3n 2<\/option><option value=\"Fiestas Patronales\"  class=\"choice-7 depth-1\"  >Fiestas Patronales<\/option><option value=\"Concierto \/ Festival\"  class=\"choice-1 depth-1\"  >Concierto \/ Festival<\/option><option value=\"Fiesta Privada\"  class=\"choice-3 depth-1\"  >Fiesta Privada<\/option><option value=\"Evento de Empresa\"  class=\"choice-4 depth-1\"  >Evento de Empresa<\/option><option value=\"Hotel\"  class=\"choice-5 depth-1\"  >Hotel<\/option><option value=\"Cocktail \/ Boda\"  class=\"choice-6 depth-1\"  >Cocktail \/ Boda<\/option><\/select><div class=\"wpforms-field-description\">  De qu\u00e9 se trata?<\/div><\/div><div id=\"wpforms-252-field_12-container\" class=\"wpforms-field wpforms-field-text\" data-field-id=\"12\"><label class=\"wpforms-field-label\" for=\"wpforms-252-field_12\">\u00bfD\u00f3nde va a ser? <span class=\"wpforms-required-label\">*<\/span><\/label><input type=\"text\" id=\"wpforms-252-field_12\" class=\"wpforms-field-large wpforms-field-required\" name=\"wpforms[fields][12]\" required><div class=\"wpforms-field-description\">Ubicaci\u00f3n, municipio, provincia<\/div><\/div><div id=\"wpforms-252-field_11-container\" class=\"wpforms-field wpforms-field-number\" data-field-id=\"11\"><label class=\"wpforms-field-label\" for=\"wpforms-252-field_11\">\u00bfY para qu\u00e9 fecha? <span class=\"wpforms-required-label\">*<\/span><\/label><input type=\"number\" id=\"wpforms-252-field_11\" class=\"wpforms-field-medium wpforms-field-required\" name=\"wpforms[fields][11]\" value=\"1414\/0404\/26262626\" step=\"any\" required><div class=\"wpforms-field-description\">D\u00efa, mes y a\u00f1o<\/div><\/div><div id=\"wpforms-252-field_18-container\" class=\"wpforms-field wpforms-field-checkbox wpforms-list-inline\" data-field-id=\"18\"><label class=\"wpforms-field-label\">Tiempo de actuaci\u00f3n <span class=\"wpforms-required-label\">*<\/span><\/label><ul id=\"wpforms-252-field_18\" class=\"wpforms-field-required\"><li class=\"choice-1 depth-1\"><input type=\"checkbox\" id=\"wpforms-252-field_18_1\" name=\"wpforms[fields][18][]\" value=\"1 h y media\" required ><label class=\"wpforms-field-label-inline\" for=\"wpforms-252-field_18_1\">1 h y media<\/label><\/li><li class=\"choice-2 depth-1\"><input type=\"checkbox\" id=\"wpforms-252-field_18_2\" name=\"wpforms[fields][18][]\" value=\"2 horas\" required ><label class=\"wpforms-field-label-inline\" for=\"wpforms-252-field_18_2\">2 horas<\/label><\/li><li class=\"choice-5 depth-1\"><input type=\"checkbox\" id=\"wpforms-252-field_18_5\" name=\"wpforms[fields][18][]\" value=\"2 h y media\" required ><label class=\"wpforms-field-label-inline\" for=\"wpforms-252-field_18_5\">2 h y media<\/label><\/li><li class=\"choice-3 depth-1\"><input type=\"checkbox\" id=\"wpforms-252-field_18_3\" name=\"wpforms[fields][18][]\" value=\"3 horas\" required ><label class=\"wpforms-field-label-inline\" for=\"wpforms-252-field_18_3\">3 horas<\/label><\/li><li class=\"choice-4 depth-1\"><input type=\"checkbox\" id=\"wpforms-252-field_18_4\" name=\"wpforms[fields][18][]\" value=\"3 h y media\" required ><label class=\"wpforms-field-label-inline\" for=\"wpforms-252-field_18_4\">3 h y media<\/label><\/li><li class=\"choice-6 depth-1\"><input type=\"checkbox\" id=\"wpforms-252-field_18_6\" name=\"wpforms[fields][18][]\" value=\"4 horas\" required ><label class=\"wpforms-field-label-inline\" for=\"wpforms-252-field_18_6\">4 horas<\/label><\/li><\/ul><\/div><div id=\"wpforms-252-field_9-container\" class=\"wpforms-field wpforms-field-checkbox wpforms-list-inline\" data-field-id=\"9\"><label class=\"wpforms-field-label\">\u00bfNecesit\u00e1is equipo de sonido? <span class=\"wpforms-required-label\">*<\/span><\/label><ul id=\"wpforms-252-field_9\" class=\"wpforms-field-required\"><li class=\"choice-5 depth-1\"><input type=\"checkbox\" id=\"wpforms-252-field_9_5\" name=\"wpforms[fields][9][]\" value=\"No, ya tenemos\" required ><label class=\"wpforms-field-label-inline\" for=\"wpforms-252-field_9_5\">No, ya tenemos<\/label><\/li><li class=\"choice-1 depth-1\"><input type=\"checkbox\" id=\"wpforms-252-field_9_1\" name=\"wpforms[fields][9][]\" value=\"Hasta 2.000 w\" required ><label class=\"wpforms-field-label-inline\" for=\"wpforms-252-field_9_1\">Hasta 2.000 w<\/label><\/li><li class=\"choice-2 depth-1\"><input type=\"checkbox\" id=\"wpforms-252-field_9_2\" name=\"wpforms[fields][9][]\" value=\"Hasta 14.000 w\" required ><label class=\"wpforms-field-label-inline\" for=\"wpforms-252-field_9_2\">Hasta 14.000 w<\/label><\/li><li class=\"choice-3 depth-1\"><input type=\"checkbox\" id=\"wpforms-252-field_9_3\" name=\"wpforms[fields][9][]\" value=\" Hasta 24.000 w\" required ><label class=\"wpforms-field-label-inline\" for=\"wpforms-252-field_9_3\">Hasta 24.000 w<\/label><\/li><li class=\"choice-4 depth-1\"><input type=\"checkbox\" id=\"wpforms-252-field_9_4\" name=\"wpforms[fields][9][]\" value=\"M\u00e1s de 24.000 w\" required ><label class=\"wpforms-field-label-inline\" for=\"wpforms-252-field_9_4\">M\u00e1s de 24.000 w<\/label><\/li><\/ul><div class=\"wpforms-field-description\">(si no sabes cu\u00e1nto vais a necesitar, nos puedes indicar m\u00e1s abajo el aforo estimado, o si va a ser en una plaza o campo abierto, etc.)<\/div><\/div><div id=\"wpforms-252-field_15-container\" class=\"wpforms-field wpforms-field-checkbox wpforms-list-inline\" data-field-id=\"15\"><label class=\"wpforms-field-label\">\u00bfNecesit\u00e1is escenario? <span class=\"wpforms-required-label\">*<\/span><\/label><ul id=\"wpforms-252-field_15\" class=\"wpforms-field-required\"><li class=\"choice-1 depth-1\"><input type=\"checkbox\" id=\"wpforms-252-field_15_1\" name=\"wpforms[fields][15][]\" value=\"No, ya tenemos\" required ><label class=\"wpforms-field-label-inline\" for=\"wpforms-252-field_15_1\">No, ya tenemos<\/label><\/li><li class=\"choice-2 depth-1\"><input type=\"checkbox\" id=\"wpforms-252-field_15_2\" name=\"wpforms[fields][15][]\" value=\"S\u00ed, pero nos basta con un cami\u00f3n peque\u00f1o\" required ><label class=\"wpforms-field-label-inline\" for=\"wpforms-252-field_15_2\">S\u00ed, pero nos basta con un cami\u00f3n peque\u00f1o<\/label><\/li><li class=\"choice-3 depth-1\"><input type=\"checkbox\" id=\"wpforms-252-field_15_3\" name=\"wpforms[fields][15][]\" value=\"S\u00ed, y necesitamos cami\u00f3n grande\" required ><label class=\"wpforms-field-label-inline\" for=\"wpforms-252-field_15_3\">S\u00ed, y necesitamos cami\u00f3n grande<\/label><\/li><\/ul><\/div><div id=\"wpforms-252-field_21-container\" class=\"wpforms-field wpforms-field-checkbox wpforms-list-inline\" data-field-id=\"21\"><label class=\"wpforms-field-label\">\u00bfY si combinamos el rock con un DJ&#8230;? <span class=\"wpforms-required-label\">*<\/span><\/label><ul id=\"wpforms-252-field_21\" class=\"wpforms-field-required\"><li class=\"choice-4 depth-1\"><input type=\"checkbox\" id=\"wpforms-252-field_21_4\" name=\"wpforms[fields][21][]\" value=\"No, gracias\" required ><label class=\"wpforms-field-label-inline\" for=\"wpforms-252-field_21_4\">No, gracias<\/label><\/li><li class=\"choice-1 depth-1\"><input type=\"checkbox\" id=\"wpforms-252-field_21_1\" name=\"wpforms[fields][21][]\" value=\"2 h de tarde\" required ><label class=\"wpforms-field-label-inline\" for=\"wpforms-252-field_21_1\">2 h de tarde<\/label><\/li><li class=\"choice-6 depth-1\"><input type=\"checkbox\" id=\"wpforms-252-field_21_6\" name=\"wpforms[fields][21][]\" value=\"2 h de noche\" required ><label class=\"wpforms-field-label-inline\" for=\"wpforms-252-field_21_6\">2 h de noche<\/label><\/li><li class=\"choice-3 depth-1\"><input type=\"checkbox\" id=\"wpforms-252-field_21_3\" name=\"wpforms[fields][21][]\" value=\"3 horas de noche\" required ><label class=\"wpforms-field-label-inline\" for=\"wpforms-252-field_21_3\">3 horas de noche<\/label><\/li><li class=\"choice-7 depth-1\"><input type=\"checkbox\" id=\"wpforms-252-field_21_7\" name=\"wpforms[fields][21][]\" value=\"M\u00e1s de 3 h de noche\" required ><label class=\"wpforms-field-label-inline\" for=\"wpforms-252-field_21_7\">M\u00e1s de 3 h de noche<\/label><\/li><\/ul><div class=\"wpforms-field-description\">(el pack m\u00e1s completo, para la gente mayor por la tarde o m\u00e1s joven despu\u00e9s del concierto&#8230; o ambas)<\/div><\/div><div id=\"wpforms-252-field_17-container\" class=\"wpforms-field wpforms-field-textarea\" data-field-id=\"17\"><label class=\"wpforms-field-label\" for=\"wpforms-252-field_17\">\u00bfAlgo m\u00e1s que a\u00f1adir?<\/label><textarea id=\"wpforms-252-field_17\" class=\"wpforms-field-medium\" name=\"wpforms[fields][17]\" ><\/textarea><div class=\"wpforms-field-description\">Aclaraciones, especificaciones t\u00e9cnicas, si hay algo que no te hemos preguntado&#8230;<\/div><\/div><\/div><!-- .wpforms-field-container --><div class=\"wpforms-recaptcha-container wpforms-is-recaptcha wpforms-is-recaptcha-type-v2\" ><div class=\"g-recaptcha\" data-sitekey=\"6Lc4Ke8kAAAAALJ92sThsI8vX7Y19po27C6l6Ejf\"><\/div><input type=\"text\" name=\"g-recaptcha-hidden\" class=\"wpforms-recaptcha-hidden\" style=\"position:absolute!important;clip:rect(0,0,0,0)!important;height:1px!important;width:1px!important;border:0!important;overflow:hidden!important;padding:0!important;margin:0!important;\" data-rule-recaptcha=\"1\"><\/div><div class=\"wpforms-submit-container\" ><input type=\"hidden\" name=\"wpforms[id]\" value=\"252\"><input type=\"hidden\" name=\"page_title\" value=\"\"><input type=\"hidden\" name=\"page_url\" value=\"https:\/\/oldglasses.es\/index.php\/wp-json\/wp\/v2\/pages\/72\"><input type=\"hidden\" name=\"url_referer\" value=\"\"><button type=\"submit\" name=\"wpforms[submit]\" id=\"wpforms-submit-252\" class=\"wpforms-submit\" data-alt-text=\"Enviando...\" data-submit-text=\"Enviar\" aria-live=\"assertive\" value=\"wpforms-submit\">Enviar<\/button><img loading=\"lazy\" decoding=\"async\" src=\"https:\/\/oldglasses.es\/wp-content\/plugins\/wpforms-lite\/assets\/images\/submit-spin.svg\" class=\"wpforms-submit-spinner\" style=\"display: none;\" width=\"26\" height=\"26\" alt=\"Cargando\"><\/div><\/form><\/div>  <!-- .wpforms-container -->","protected":false},"excerpt":{"rendered":"<p>\u00bfQu\u00e9 necesitas?<\/p>\n","protected":false},"author":1,"featured_media":0,"parent":0,"menu_order":0,"comment_status":"closed","ping_status":"closed","template":"","meta":{"ngg_post_thumbnail":0,"footnotes":""},"class_list":["post-72","page","type-page","status-publish","hentry"],"yoast_head":"<!-- This site is optimized with the Yoast SEO plugin v27.3 - https:\/\/yoast.com\/product\/yoast-seo-wordpress\/ -->\n<title>CONTRATACIONES - OLD GLASSES<\/title>\n<meta name=\"robots\" content=\"index, follow, max-snippet:-1, max-image-preview:large, max-video-preview:-1\" \/>\n<link rel=\"canonical\" href=\"https:\/\/oldglasses.es\/index.php\/contrataciones\/\" \/>\n<meta property=\"og:locale\" content=\"es_ES\" \/>\n<meta property=\"og:type\" content=\"article\" \/>\n<meta property=\"og:title\" content=\"CONTRATACIONES - OLD GLASSES\" \/>\n<meta property=\"og:description\" content=\"\u00bfQu\u00e9 necesitas?\" \/>\n<meta property=\"og:url\" content=\"https:\/\/oldglasses.es\/index.php\/contrataciones\/\" \/>\n<meta property=\"og:site_name\" content=\"OLD GLASSES\" \/>\n<meta property=\"article:publisher\" content=\"https:\/\/www.facebook.com\/OLDGLASSESZALLA\/\" \/>\n<meta property=\"article:modified_time\" content=\"2023-03-14T22:54:49+00:00\" \/>\n<meta property=\"og:image\" content=\"https:\/\/oldglasses.es\/wp-content\/uploads\/2024\/08\/LOGO-OLD-GLASSES-2021_fondo.jpg\" \/>\n\t<meta property=\"og:image:width\" content=\"729\" \/>\n\t<meta property=\"og:image:height\" content=\"666\" \/>\n\t<meta property=\"og:image:type\" content=\"image\/jpeg\" \/>\n<meta name=\"twitter:card\" content=\"summary_large_image\" \/>\n<meta name=\"twitter:site\" content=\"@oldglasses_\" \/>\n<script type=\"application\/ld+json\" class=\"yoast-schema-graph\">{\"@context\":\"https:\\\/\\\/schema.org\",\"@graph\":[{\"@type\":\"WebPage\",\"@id\":\"https:\\\/\\\/oldglasses.es\\\/index.php\\\/contrataciones\\\/\",\"url\":\"https:\\\/\\\/oldglasses.es\\\/index.php\\\/contrataciones\\\/\",\"name\":\"CONTRATACIONES - OLD GLASSES\",\"isPartOf\":{\"@id\":\"https:\\\/\\\/oldglasses.es\\\/#website\"},\"datePublished\":\"2023-02-25T00:07:17+00:00\",\"dateModified\":\"2023-03-14T22:54:49+00:00\",\"breadcrumb\":{\"@id\":\"https:\\\/\\\/oldglasses.es\\\/index.php\\\/contrataciones\\\/#breadcrumb\"},\"inLanguage\":\"es\",\"potentialAction\":[{\"@type\":\"ReadAction\",\"target\":[\"https:\\\/\\\/oldglasses.es\\\/index.php\\\/contrataciones\\\/\"]}]},{\"@type\":\"BreadcrumbList\",\"@id\":\"https:\\\/\\\/oldglasses.es\\\/index.php\\\/contrataciones\\\/#breadcrumb\",\"itemListElement\":[{\"@type\":\"ListItem\",\"position\":1,\"name\":\"Portada\",\"item\":\"https:\\\/\\\/oldglasses.es\\\/\"},{\"@type\":\"ListItem\",\"position\":2,\"name\":\"CONTRATACIONES\"}]},{\"@type\":\"WebSite\",\"@id\":\"https:\\\/\\\/oldglasses.es\\\/#website\",\"url\":\"https:\\\/\\\/oldglasses.es\\\/\",\"name\":\"OLD GLASSES\",\"description\":\"Rock Rock Rock\",\"publisher\":{\"@id\":\"https:\\\/\\\/oldglasses.es\\\/#organization\"},\"potentialAction\":[{\"@type\":\"SearchAction\",\"target\":{\"@type\":\"EntryPoint\",\"urlTemplate\":\"https:\\\/\\\/oldglasses.es\\\/?s={search_term_string}\"},\"query-input\":{\"@type\":\"PropertyValueSpecification\",\"valueRequired\":true,\"valueName\":\"search_term_string\"}}],\"inLanguage\":\"es\"},{\"@type\":\"Organization\",\"@id\":\"https:\\\/\\\/oldglasses.es\\\/#organization\",\"name\":\"OLD GLASSES\",\"url\":\"https:\\\/\\\/oldglasses.es\\\/\",\"logo\":{\"@type\":\"ImageObject\",\"inLanguage\":\"es\",\"@id\":\"https:\\\/\\\/oldglasses.es\\\/#\\\/schema\\\/logo\\\/image\\\/\",\"url\":\"https:\\\/\\\/oldglasses.es\\\/wp-content\\\/uploads\\\/2024\\\/08\\\/LOGO-OLD-GLASSES-2021_fondo.jpg\",\"contentUrl\":\"https:\\\/\\\/oldglasses.es\\\/wp-content\\\/uploads\\\/2024\\\/08\\\/LOGO-OLD-GLASSES-2021_fondo.jpg\",\"width\":729,\"height\":666,\"caption\":\"OLD GLASSES\"},\"image\":{\"@id\":\"https:\\\/\\\/oldglasses.es\\\/#\\\/schema\\\/logo\\\/image\\\/\"},\"sameAs\":[\"https:\\\/\\\/www.facebook.com\\\/OLDGLASSESZALLA\\\/\",\"https:\\\/\\\/x.com\\\/oldglasses_\",\"https:\\\/\\\/www.instagram.com\\\/oldglasses_\\\/\",\"https:\\\/\\\/www.youtube.com\\\/@oldglasses1622\"]}]}<\/script>\n<!-- \/ Yoast SEO plugin. -->","yoast_head_json":{"title":"CONTRATACIONES - OLD GLASSES","robots":{"index":"index","follow":"follow","max-snippet":"max-snippet:-1","max-image-preview":"max-image-preview:large","max-video-preview":"max-video-preview:-1"},"canonical":"https:\/\/oldglasses.es\/index.php\/contrataciones\/","og_locale":"es_ES","og_type":"article","og_title":"CONTRATACIONES - OLD GLASSES","og_description":"\u00bfQu\u00e9 necesitas?","og_url":"https:\/\/oldglasses.es\/index.php\/contrataciones\/","og_site_name":"OLD GLASSES","article_publisher":"https:\/\/www.facebook.com\/OLDGLASSESZALLA\/","article_modified_time":"2023-03-14T22:54:49+00:00","og_image":[{"width":729,"height":666,"url":"https:\/\/oldglasses.es\/wp-content\/uploads\/2024\/08\/LOGO-OLD-GLASSES-2021_fondo.jpg","type":"image\/jpeg"}],"twitter_card":"summary_large_image","twitter_site":"@oldglasses_","schema":{"@context":"https:\/\/schema.org","@graph":[{"@type":"WebPage","@id":"https:\/\/oldglasses.es\/index.php\/contrataciones\/","url":"https:\/\/oldglasses.es\/index.php\/contrataciones\/","name":"CONTRATACIONES - OLD GLASSES","isPartOf":{"@id":"https:\/\/oldglasses.es\/#website"},"datePublished":"2023-02-25T00:07:17+00:00","dateModified":"2023-03-14T22:54:49+00:00","breadcrumb":{"@id":"https:\/\/oldglasses.es\/index.php\/contrataciones\/#breadcrumb"},"inLanguage":"es","potentialAction":[{"@type":"ReadAction","target":["https:\/\/oldglasses.es\/index.php\/contrataciones\/"]}]},{"@type":"BreadcrumbList","@id":"https:\/\/oldglasses.es\/index.php\/contrataciones\/#breadcrumb","itemListElement":[{"@type":"ListItem","position":1,"name":"Portada","item":"https:\/\/oldglasses.es\/"},{"@type":"ListItem","position":2,"name":"CONTRATACIONES"}]},{"@type":"WebSite","@id":"https:\/\/oldglasses.es\/#website","url":"https:\/\/oldglasses.es\/","name":"OLD GLASSES","description":"Rock Rock Rock","publisher":{"@id":"https:\/\/oldglasses.es\/#organization"},"potentialAction":[{"@type":"SearchAction","target":{"@type":"EntryPoint","urlTemplate":"https:\/\/oldglasses.es\/?s={search_term_string}"},"query-input":{"@type":"PropertyValueSpecification","valueRequired":true,"valueName":"search_term_string"}}],"inLanguage":"es"},{"@type":"Organization","@id":"https:\/\/oldglasses.es\/#organization","name":"OLD GLASSES","url":"https:\/\/oldglasses.es\/","logo":{"@type":"ImageObject","inLanguage":"es","@id":"https:\/\/oldglasses.es\/#\/schema\/logo\/image\/","url":"https:\/\/oldglasses.es\/wp-content\/uploads\/2024\/08\/LOGO-OLD-GLASSES-2021_fondo.jpg","contentUrl":"https:\/\/oldglasses.es\/wp-content\/uploads\/2024\/08\/LOGO-OLD-GLASSES-2021_fondo.jpg","width":729,"height":666,"caption":"OLD GLASSES"},"image":{"@id":"https:\/\/oldglasses.es\/#\/schema\/logo\/image\/"},"sameAs":["https:\/\/www.facebook.com\/OLDGLASSESZALLA\/","https:\/\/x.com\/oldglasses_","https:\/\/www.instagram.com\/oldglasses_\/","https:\/\/www.youtube.com\/@oldglasses1622"]}]}},"jetpack_sharing_enabled":true,"_links":{"self":[{"href":"https:\/\/oldglasses.es\/index.php\/wp-json\/wp\/v2\/pages\/72","targetHints":{"allow":["GET"]}}],"collection":[{"href":"https:\/\/oldglasses.es\/index.php\/wp-json\/wp\/v2\/pages"}],"about":[{"href":"https:\/\/oldglasses.es\/index.php\/wp-json\/wp\/v2\/types\/page"}],"author":[{"embeddable":true,"href":"https:\/\/oldglasses.es\/index.php\/wp-json\/wp\/v2\/users\/1"}],"replies":[{"embeddable":true,"href":"https:\/\/oldglasses.es\/index.php\/wp-json\/wp\/v2\/comments?post=72"}],"version-history":[{"count":22,"href":"https:\/\/oldglasses.es\/index.php\/wp-json\/wp\/v2\/pages\/72\/revisions"}],"predecessor-version":[{"id":483,"href":"https:\/\/oldglasses.es\/index.php\/wp-json\/wp\/v2\/pages\/72\/revisions\/483"}],"wp:attachment":[{"href":"https:\/\/oldglasses.es\/index.php\/wp-json\/wp\/v2\/media?parent=72"}],"curies":[{"name":"wp","href":"https:\/\/api.w.org\/{rel}","templated":true}]}}