{"id":73,"date":"2023-02-25T01:07:17","date_gmt":"2023-02-25T00:07:17","guid":{"rendered":"https:\/\/oldglasses.es\/?page_id=73"},"modified":"2024-08-17T22:21:22","modified_gmt":"2024-08-17T21:21:22","slug":"2023-2","status":"publish","type":"page","link":"https:\/\/oldglasses.es\/index.php\/2023-2\/","title":{"rendered":"2023"},"content":{"rendered":"\n<p class=\"has-text-align-center has-yellow-color has-text-color\" style=\"font-size:70px;font-style:normal;font-weight:400\">Con el buen sabor de boca de los conciertos del a\u00f1o anterior y fuerzas renovadas empezamos el 2023.<\/p>\n\n\n\n<h1 class=\"wp-block-heading has-text-align-center has-yellow-color has-text-color\" style=\"font-size:35px\">22\/04<\/h1>\n\n\n\n<h1 class=\"wp-block-heading has-text-align-center has-yellow-color has-text-color\" style=\"font-size:35px\">BATZOKIA<\/h1>\n\n\n\n<h1 class=\"wp-block-heading has-text-align-center has-yellow-color has-text-color\" style=\"font-size:35px\">(G\u00fce\u00f1es)<\/h1>\n\n\n\nngg_shortcode_0_placeholder\n\n\n\n<p class=\"has-text-align-center has-yellow-color has-text-color\" style=\"font-size:70px\">Ya ten\u00edamos ganas de volver a tocar por la zona, y qu\u00e9 mejor escenario, para calentar motores para el verano&#8230;<\/p>\n\n\n\n<div class=\"wp-block-columns is-layout-flex wp-container-core-columns-is-layout-9d6595d7 wp-block-columns-is-layout-flex\">\n<div class=\"wp-block-column is-layout-flow wp-block-column-is-layout-flow\">\n<h1 class=\"wp-block-heading has-text-align-center has-yellow-color has-text-color\" style=\"font-size:35px\">24\/07<\/h1>\n\n\n\n<h1 class=\"wp-block-heading has-text-align-center has-yellow-color has-text-color\" style=\"font-size:35px\">SORALUZE<\/h1>\n\n\n\n<h1 class=\"wp-block-heading has-text-align-center has-yellow-color has-text-color\" style=\"font-size:35px\">(Gipuzkoa)<\/h1>\n\n\n\nngg_shortcode_1_placeholder\n\n\n\n<p class=\"has-text-align-center has-yellow-color has-text-color has-link-color wp-elements-2768d1ff82be5899e6ffb94929b3029f\" style=\"font-size:75px\">Y entramos en Gipuzkoa, la v\u00edspera de Santiago.<\/p>\n<\/div>\n\n\n\n<div class=\"wp-block-column is-layout-flow wp-block-column-is-layout-flow\">\n<h1 class=\"wp-block-heading has-text-align-center has-yellow-color has-text-color\" style=\"font-size:35px\">14\/08<\/h1>\n\n\n\n<h1 class=\"wp-block-heading has-text-align-center has-yellow-color has-text-color\" style=\"font-size:35px\">ERANDIO GOIKOA<\/h1>\n\n\n\n<h1 class=\"wp-block-heading has-text-align-center has-yellow-color has-text-color\" style=\"font-size:35px\">(Erandio)<\/h1>\n\n\n\nngg_shortcode_2_placeholder\n\n\n\n<p class=\"has-text-align-center has-yellow-color has-text-color has-link-color wp-elements-3a8ff2ff75c70743d517cbfcea39d301\" style=\"font-size:75px\">Y la v\u00edspera de La Virgen, de vuelta a Bizkaia.<\/p>\n<\/div>\n<\/div>\n\n\n\n<div class=\"wp-block-columns is-layout-flex wp-container-core-columns-is-layout-9d6595d7 wp-block-columns-is-layout-flex\">\n<div class=\"wp-block-column is-layout-flow wp-block-column-is-layout-flow\">\n<h1 class=\"wp-block-heading has-text-align-center has-yellow-color has-text-color\" style=\"font-size:35px\">23\/08<\/h1>\n\n\n\n<h1 class=\"wp-block-heading has-text-align-center has-yellow-color has-text-color\" style=\"font-size:35px\">TRIKI MAILU<\/h1>\n\n\n\n<h1 class=\"wp-block-heading has-text-align-center has-yellow-color has-text-color\" style=\"font-size:35px\">(Aste Nagusia)<\/h1>\n\n\n\nngg_shortcode_3_placeholder\n\n\n\n<p class=\"has-text-align-center has-yellow-color has-text-color has-link-color wp-elements-4d2ec490917c79f0f31ce45ffff17ccb\" style=\"font-size:75px\">Qu\u00e9 ilusi\u00f3n, formar parte de la Aste Nagusia, el d\u00eda de los 44\u00ba C, y qu\u00e9 ambientazo el del Arenal bilba\u00edno.<\/p>\n<\/div>\n\n\n\n<div class=\"wp-block-column is-layout-flow wp-block-column-is-layout-flow\">\n<h1 class=\"wp-block-heading has-text-align-center has-yellow-color has-text-color\" style=\"font-size:35px\">25\/08<\/h1>\n\n\n\n<h1 class=\"wp-block-heading has-text-align-center has-yellow-color has-text-color\" style=\"font-size:35px\">ENTRAMBOSRIOS<\/h1>\n\n\n\n<h1 class=\"wp-block-heading has-text-align-center has-yellow-color has-text-color\" style=\"font-size:35px\">(Sotoscueva- Burgos)<\/h1>\n\n\n\nngg_shortcode_4_placeholder\n\n\n\n<p class=\"has-text-align-center has-yellow-color has-text-color has-link-color wp-elements-c6ea5a36a7e836a653febe90bd23bcf6\" style=\"font-size:75px\">Y tan s\u00f3lo dos d\u00edas despu\u00e9s, al norte de Burgos, bajamos a  12\u00ba C, pero notamos el calor de su gente, ambientazo.<\/p>\n<\/div>\n<\/div>\n\n\n\n<div class=\"wp-block-columns is-layout-flex wp-container-core-columns-is-layout-9d6595d7 wp-block-columns-is-layout-flex\">\n<div class=\"wp-block-column is-layout-flow wp-block-column-is-layout-flow\">\n<h1 class=\"wp-block-heading has-text-align-center has-yellow-color has-text-color has-link-color wp-elements-d2d2d40fc6bd70b1d005dc3a59290772\">03\/11 <\/h1>\n\n\n\n<h1 class=\"wp-block-heading has-text-align-center has-yellow-color has-text-color has-link-color wp-elements-bbb6c105428d82471ea2bba5878b5a05\">EL COMERCIO <\/h1>\n\n\n\n<h1 class=\"wp-block-heading has-text-align-center has-yellow-color has-text-color has-link-color wp-elements-1015041ac1d36e85ab6c1734e2a50b62\">(Las Arenas)<\/h1>\n\n\n\nngg_shortcode_5_placeholder\n\n\n\n<p class=\"has-yellow-color has-text-color has-link-color wp-elements-85491b99c586006d974c7faa9bbdcccb\" style=\"font-size:75px\">Noche para el recuerdo, la que vivimos en El Comercio de Las Arenas y nuestros amigos de ehome.<\/p>\n<\/div>\n\n\n\n<div class=\"wp-block-column is-layout-flow wp-block-column-is-layout-flow\">\n<h1 class=\"wp-block-heading has-text-align-center has-yellow-color has-text-color has-link-color wp-elements-6f355984fcd44066c1383e8d361b1585\">18\/11<\/h1>\n\n\n\n<h1 class=\"wp-block-heading has-text-align-center has-yellow-color has-text-color has-link-color wp-elements-8d77f8fb47dfcdf1aa39d462f9f6c86d\">SOCIEDAD BILBAINA<\/h1>\n\n\n\n<h1 class=\"wp-block-heading has-text-align-center has-yellow-color has-text-color has-link-color wp-elements-51eaebfa6797a723d439f014a1582d0b\">(Bilbao)<\/h1>\n\n\n\nngg_shortcode_6_placeholder\n\n\n\n<p class=\"has-yellow-color has-text-color has-link-color wp-elements-7f324b67c9ae657383bb30049aaab22d\" style=\"font-size:75px\">Y terminamos el a\u00f1o con un broche de oro, de nuevo en Bilbo, todo un honor, la verdad. <\/p>\n<\/div>\n<\/div>\n","protected":false},"excerpt":{"rendered":"<p>Con el buen sabor de boca de los conciertos del a\u00f1o anterior y fuerzas renovadas empezamos el 2023. 22\/04 BATZOKIA (G\u00fce\u00f1es) Ya ten\u00edamos ganas de volver a tocar por la zona, y qu\u00e9 mejor escenario, para calentar motores para el verano&#8230; 24\/07 SORALUZE (Gipuzkoa) Y <span class=\"read-more\"><a class=\"more-link btn btn-transparent\" href=\"https:\/\/oldglasses.es\/index.php\/2023-2\/\">Leer m\u00e1s&#8230;<\/a><\/span><\/p>\n","protected":false},"author":1,"featured_media":0,"parent":0,"menu_order":0,"comment_status":"closed","ping_status":"closed","template":"","meta":{"ngg_post_thumbnail":0,"footnotes":""},"class_list":["post-73","page","type-page","status-publish","hentry"],"yoast_head":"<!-- This site is optimized with the Yoast SEO plugin v27.3 - https:\/\/yoast.com\/product\/yoast-seo-wordpress\/ -->\n<title>2023 - OLD GLASSES<\/title>\n<meta name=\"robots\" content=\"index, follow, max-snippet:-1, max-image-preview:large, max-video-preview:-1\" \/>\n<link rel=\"canonical\" href=\"https:\/\/oldglasses.es\/index.php\/2023-2\/\" \/>\n<meta property=\"og:locale\" content=\"es_ES\" \/>\n<meta property=\"og:type\" content=\"article\" \/>\n<meta property=\"og:title\" content=\"2023 - OLD GLASSES\" \/>\n<meta property=\"og:description\" content=\"Con el buen sabor de boca de los conciertos del a\u00f1o anterior y fuerzas renovadas empezamos el 2023. 22\/04 BATZOKIA (G\u00fce\u00f1es) Ya ten\u00edamos ganas de volver a tocar por la zona, y qu\u00e9 mejor escenario, para calentar motores para el verano&#8230; 24\/07 SORALUZE (Gipuzkoa) Y Leer m\u00e1s...\" \/>\n<meta property=\"og:url\" content=\"https:\/\/oldglasses.es\/index.php\/2023-2\/\" \/>\n<meta property=\"og:site_name\" content=\"OLD GLASSES\" \/>\n<meta property=\"article:publisher\" content=\"https:\/\/www.facebook.com\/OLDGLASSESZALLA\/\" \/>\n<meta property=\"article:modified_time\" content=\"2024-08-17T21:21:22+00:00\" \/>\n<meta property=\"og:image\" content=\"https:\/\/oldglasses.es\/wp-content\/uploads\/2024\/08\/LOGO-OLD-GLASSES-2021_fondo.jpg\" \/>\n\t<meta property=\"og:image:width\" content=\"729\" \/>\n\t<meta property=\"og:image:height\" content=\"666\" \/>\n\t<meta property=\"og:image:type\" content=\"image\/jpeg\" \/>\n<meta name=\"twitter:card\" content=\"summary_large_image\" \/>\n<meta name=\"twitter:site\" content=\"@oldglasses_\" \/>\n<meta name=\"twitter:label1\" content=\"Tiempo de lectura\" \/>\n\t<meta name=\"twitter:data1\" content=\"1 minuto\" \/>\n<script type=\"application\/ld+json\" class=\"yoast-schema-graph\">{\"@context\":\"https:\\\/\\\/schema.org\",\"@graph\":[{\"@type\":\"WebPage\",\"@id\":\"https:\\\/\\\/oldglasses.es\\\/index.php\\\/2023-2\\\/\",\"url\":\"https:\\\/\\\/oldglasses.es\\\/index.php\\\/2023-2\\\/\",\"name\":\"2023 - OLD GLASSES\",\"isPartOf\":{\"@id\":\"https:\\\/\\\/oldglasses.es\\\/#website\"},\"datePublished\":\"2023-02-25T00:07:17+00:00\",\"dateModified\":\"2024-08-17T21:21:22+00:00\",\"breadcrumb\":{\"@id\":\"https:\\\/\\\/oldglasses.es\\\/index.php\\\/2023-2\\\/#breadcrumb\"},\"inLanguage\":\"es\",\"potentialAction\":[{\"@type\":\"ReadAction\",\"target\":[\"https:\\\/\\\/oldglasses.es\\\/index.php\\\/2023-2\\\/\"]}]},{\"@type\":\"BreadcrumbList\",\"@id\":\"https:\\\/\\\/oldglasses.es\\\/index.php\\\/2023-2\\\/#breadcrumb\",\"itemListElement\":[{\"@type\":\"ListItem\",\"position\":1,\"name\":\"Portada\",\"item\":\"https:\\\/\\\/oldglasses.es\\\/\"},{\"@type\":\"ListItem\",\"position\":2,\"name\":\"2023\"}]},{\"@type\":\"WebSite\",\"@id\":\"https:\\\/\\\/oldglasses.es\\\/#website\",\"url\":\"https:\\\/\\\/oldglasses.es\\\/\",\"name\":\"OLD GLASSES\",\"description\":\"Rock Rock Rock\",\"publisher\":{\"@id\":\"https:\\\/\\\/oldglasses.es\\\/#organization\"},\"potentialAction\":[{\"@type\":\"SearchAction\",\"target\":{\"@type\":\"EntryPoint\",\"urlTemplate\":\"https:\\\/\\\/oldglasses.es\\\/?s={search_term_string}\"},\"query-input\":{\"@type\":\"PropertyValueSpecification\",\"valueRequired\":true,\"valueName\":\"search_term_string\"}}],\"inLanguage\":\"es\"},{\"@type\":\"Organization\",\"@id\":\"https:\\\/\\\/oldglasses.es\\\/#organization\",\"name\":\"OLD GLASSES\",\"url\":\"https:\\\/\\\/oldglasses.es\\\/\",\"logo\":{\"@type\":\"ImageObject\",\"inLanguage\":\"es\",\"@id\":\"https:\\\/\\\/oldglasses.es\\\/#\\\/schema\\\/logo\\\/image\\\/\",\"url\":\"https:\\\/\\\/oldglasses.es\\\/wp-content\\\/uploads\\\/2024\\\/08\\\/LOGO-OLD-GLASSES-2021_fondo.jpg\",\"contentUrl\":\"https:\\\/\\\/oldglasses.es\\\/wp-content\\\/uploads\\\/2024\\\/08\\\/LOGO-OLD-GLASSES-2021_fondo.jpg\",\"width\":729,\"height\":666,\"caption\":\"OLD GLASSES\"},\"image\":{\"@id\":\"https:\\\/\\\/oldglasses.es\\\/#\\\/schema\\\/logo\\\/image\\\/\"},\"sameAs\":[\"https:\\\/\\\/www.facebook.com\\\/OLDGLASSESZALLA\\\/\",\"https:\\\/\\\/x.com\\\/oldglasses_\",\"https:\\\/\\\/www.instagram.com\\\/oldglasses_\\\/\",\"https:\\\/\\\/www.youtube.com\\\/@oldglasses1622\"]}]}<\/script>\n<!-- \/ Yoast SEO plugin. -->","yoast_head_json":{"title":"2023 - OLD GLASSES","robots":{"index":"index","follow":"follow","max-snippet":"max-snippet:-1","max-image-preview":"max-image-preview:large","max-video-preview":"max-video-preview:-1"},"canonical":"https:\/\/oldglasses.es\/index.php\/2023-2\/","og_locale":"es_ES","og_type":"article","og_title":"2023 - OLD GLASSES","og_description":"Con el buen sabor de boca de los conciertos del a\u00f1o anterior y fuerzas renovadas empezamos el 2023. 22\/04 BATZOKIA (G\u00fce\u00f1es) Ya ten\u00edamos ganas de volver a tocar por la zona, y qu\u00e9 mejor escenario, para calentar motores para el verano&#8230; 24\/07 SORALUZE (Gipuzkoa) Y Leer m\u00e1s...","og_url":"https:\/\/oldglasses.es\/index.php\/2023-2\/","og_site_name":"OLD GLASSES","article_publisher":"https:\/\/www.facebook.com\/OLDGLASSESZALLA\/","article_modified_time":"2024-08-17T21:21:22+00:00","og_image":[{"width":729,"height":666,"url":"https:\/\/oldglasses.es\/wp-content\/uploads\/2024\/08\/LOGO-OLD-GLASSES-2021_fondo.jpg","type":"image\/jpeg"}],"twitter_card":"summary_large_image","twitter_site":"@oldglasses_","twitter_misc":{"Tiempo de lectura":"1 minuto"},"schema":{"@context":"https:\/\/schema.org","@graph":[{"@type":"WebPage","@id":"https:\/\/oldglasses.es\/index.php\/2023-2\/","url":"https:\/\/oldglasses.es\/index.php\/2023-2\/","name":"2023 - OLD GLASSES","isPartOf":{"@id":"https:\/\/oldglasses.es\/#website"},"datePublished":"2023-02-25T00:07:17+00:00","dateModified":"2024-08-17T21:21:22+00:00","breadcrumb":{"@id":"https:\/\/oldglasses.es\/index.php\/2023-2\/#breadcrumb"},"inLanguage":"es","potentialAction":[{"@type":"ReadAction","target":["https:\/\/oldglasses.es\/index.php\/2023-2\/"]}]},{"@type":"BreadcrumbList","@id":"https:\/\/oldglasses.es\/index.php\/2023-2\/#breadcrumb","itemListElement":[{"@type":"ListItem","position":1,"name":"Portada","item":"https:\/\/oldglasses.es\/"},{"@type":"ListItem","position":2,"name":"2023"}]},{"@type":"WebSite","@id":"https:\/\/oldglasses.es\/#website","url":"https:\/\/oldglasses.es\/","name":"OLD GLASSES","description":"Rock Rock Rock","publisher":{"@id":"https:\/\/oldglasses.es\/#organization"},"potentialAction":[{"@type":"SearchAction","target":{"@type":"EntryPoint","urlTemplate":"https:\/\/oldglasses.es\/?s={search_term_string}"},"query-input":{"@type":"PropertyValueSpecification","valueRequired":true,"valueName":"search_term_string"}}],"inLanguage":"es"},{"@type":"Organization","@id":"https:\/\/oldglasses.es\/#organization","name":"OLD GLASSES","url":"https:\/\/oldglasses.es\/","logo":{"@type":"ImageObject","inLanguage":"es","@id":"https:\/\/oldglasses.es\/#\/schema\/logo\/image\/","url":"https:\/\/oldglasses.es\/wp-content\/uploads\/2024\/08\/LOGO-OLD-GLASSES-2021_fondo.jpg","contentUrl":"https:\/\/oldglasses.es\/wp-content\/uploads\/2024\/08\/LOGO-OLD-GLASSES-2021_fondo.jpg","width":729,"height":666,"caption":"OLD GLASSES"},"image":{"@id":"https:\/\/oldglasses.es\/#\/schema\/logo\/image\/"},"sameAs":["https:\/\/www.facebook.com\/OLDGLASSESZALLA\/","https:\/\/x.com\/oldglasses_","https:\/\/www.instagram.com\/oldglasses_\/","https:\/\/www.youtube.com\/@oldglasses1622"]}]}},"jetpack_sharing_enabled":true,"_links":{"self":[{"href":"https:\/\/oldglasses.es\/index.php\/wp-json\/wp\/v2\/pages\/73","targetHints":{"allow":["GET"]}}],"collection":[{"href":"https:\/\/oldglasses.es\/index.php\/wp-json\/wp\/v2\/pages"}],"about":[{"href":"https:\/\/oldglasses.es\/index.php\/wp-json\/wp\/v2\/types\/page"}],"author":[{"embeddable":true,"href":"https:\/\/oldglasses.es\/index.php\/wp-json\/wp\/v2\/users\/1"}],"replies":[{"embeddable":true,"href":"https:\/\/oldglasses.es\/index.php\/wp-json\/wp\/v2\/comments?post=73"}],"version-history":[{"count":34,"href":"https:\/\/oldglasses.es\/index.php\/wp-json\/wp\/v2\/pages\/73\/revisions"}],"predecessor-version":[{"id":1188,"href":"https:\/\/oldglasses.es\/index.php\/wp-json\/wp\/v2\/pages\/73\/revisions\/1188"}],"wp:attachment":[{"href":"https:\/\/oldglasses.es\/index.php\/wp-json\/wp\/v2\/media?parent=73"}],"curies":[{"name":"wp","href":"https:\/\/api.w.org\/{rel}","templated":true}]}}