{"id":930,"date":"2024-08-11T12:35:09","date_gmt":"2024-08-11T11:35:09","guid":{"rendered":"https:\/\/oldglasses.es\/?page_id=930"},"modified":"2025-05-11T19:03:18","modified_gmt":"2025-05-11T18:03:18","slug":"tienda","status":"publish","type":"page","link":"https:\/\/oldglasses.es\/index.php\/tienda\/","title":{"rendered":"TIENDA"},"content":{"rendered":"\n<h1 class=\"wp-block-heading has-text-align-center has-yellow-color has-text-color has-link-color wp-elements-611605cdc26f4b0b55d7e1bb65565cc2\" style=\"font-size:80px\"><strong>\u00daLTIMAS UNIDADES!!<\/strong><\/h1>\n\n\n\n<p class=\"has-text-align-center has-yellow-color has-text-color has-link-color wp-elements-51cfb083b508055ecf20a063818d66b9\" style=\"font-size:75px\">\u00bfQuieres tener un recuerdo de Old Glasses?<\/p>\n\n\n\n<p class=\"has-text-align-center has-yellow-color has-text-color has-link-color wp-elements-b37dc9a75d61884c0a4a7751038d4f6e\" style=\"font-size:75px\">Reserva ya tu camiseta (para ti o para quien quieras&#8230;).<\/p>\n\n\n\n<p class=\"has-text-align-center has-yellow-color has-text-color has-link-color wp-elements-2290eb6260e30fcbfb286e28bf646c7d\" style=\"font-size:75px\">Aportaci\u00f3n: 10 \u20ac<\/p>\n\n\n<div class=\"wpforms-container wpforms-container-full wpforms-block wpforms-block-bfc3c6ad-8ad3-4aec-b1cb-40552398f517\" id=\"wpforms-1033\"><form id=\"wpforms-form-1033\" class=\"wpforms-validate wpforms-form wpforms-ajax-form\" data-formid=\"1033\" method=\"post\" enctype=\"multipart\/form-data\" action=\"\/index.php\/wp-json\/wp\/v2\/pages\/930\" data-token=\"fa25ca925fc5363a96af8ea1106fa56c\" data-token-time=\"1776170002\"><noscript class=\"wpforms-error-noscript\">Por favor, activa JavaScript en tu navegador para completar este formulario.<\/noscript><div class=\"wpforms-field-container\"><div id=\"wpforms-1033-field_1-container\" class=\"wpforms-field wpforms-field-text\" data-field-id=\"1\"><label class=\"wpforms-field-label\" for=\"wpforms-1033-field_1\">Nombre <span class=\"wpforms-required-label\">*<\/span><\/label><input type=\"text\" id=\"wpforms-1033-field_1\" class=\"wpforms-field-medium wpforms-field-required\" name=\"wpforms[fields][1]\" required><\/div><div id=\"wpforms-1033-field_2-container\" class=\"wpforms-field wpforms-field-text\" data-field-id=\"2\"><label class=\"wpforms-field-label\" for=\"wpforms-1033-field_2\">Mail <span class=\"wpforms-required-label\">*<\/span><\/label><input type=\"text\" id=\"wpforms-1033-field_2\" class=\"wpforms-field-medium wpforms-field-required\" name=\"wpforms[fields][2]\" required><\/div><div id=\"wpforms-1033-field_7-container\" class=\"wpforms-field wpforms-field-select wpforms-field-select-style-classic\" data-field-id=\"7\"><label class=\"wpforms-field-label\" for=\"wpforms-1033-field_7\">\u00bfC\u00f3mo nos has conocido?<\/label><select id=\"wpforms-1033-field_7\" class=\"wpforms-field-medium\" name=\"wpforms[fields][7]\"><option value=\"Selecciona uno\"  class=\"choice-4 depth-1\"  >Selecciona uno<\/option><option value=\"Os he visto en diecto\"  class=\"choice-1 depth-1\"  >Os he visto en diecto<\/option><option value=\"Os he encontrado por redes\"  class=\"choice-2 depth-1\"  >Os he encontrado por redes<\/option><option value=\"Por la web\"  class=\"choice-3 depth-1\"  >Por la web<\/option><option value=\"Otros\"  class=\"choice-5 depth-1\"  >Otros<\/option><\/select><\/div><div id=\"wpforms-1033-field_5-container\" class=\"wpforms-field wpforms-field-checkbox\" data-field-id=\"5\"><label class=\"wpforms-field-label\">PARA VOSOTROS<\/label><ul id=\"wpforms-1033-field_5\" data-choice-limit=\"1\"><li class=\"choice-2 depth-1\"><input type=\"checkbox\" id=\"wpforms-1033-field_5_2\" data-rule-check-limit=\"true\" name=\"wpforms[fields][5][]\" value=\"L (1)\"  ><label class=\"wpforms-field-label-inline\" for=\"wpforms-1033-field_5_2\">L (1)<\/label><\/li><\/ul><\/div>\t\t<div id=\"wpforms-1033-field_3-container\"\n\t\t\tclass=\"wpforms-field wpforms-field-text\"\n\t\t\tdata-field-type=\"text\"\n\t\t\tdata-field-id=\"3\"\n\t\t\t>\n\t\t\t<label class=\"wpforms-field-label\" for=\"wpforms-1033-field_3\" >has \u00bfC\u00f3mo VOSOTRAS<\/label>\n\t\t\t<input type=\"text\" id=\"wpforms-1033-field_3\" class=\"wpforms-field-medium\" name=\"wpforms[fields][3]\" >\n\t\t<\/div>\n\t\t<div id=\"wpforms-1033-field_6-container\" class=\"wpforms-field wpforms-field-checkbox\" data-field-id=\"6\"><label class=\"wpforms-field-label\">PARA VOSOTRAS<\/label><ul id=\"wpforms-1033-field_6\" data-choice-limit=\"1\"><li class=\"choice-1 depth-1\"><input type=\"checkbox\" id=\"wpforms-1033-field_6_1\" data-rule-check-limit=\"true\" name=\"wpforms[fields][6][]\" value=\"M (2)\"  ><label class=\"wpforms-field-label-inline\" for=\"wpforms-1033-field_6_1\">M (2)<\/label><\/li><li class=\"choice-2 depth-1\"><input type=\"checkbox\" id=\"wpforms-1033-field_6_2\" data-rule-check-limit=\"true\" name=\"wpforms[fields][6][]\" value=\"L (5)\"  ><label class=\"wpforms-field-label-inline\" for=\"wpforms-1033-field_6_2\">L (5)<\/label><\/li><li class=\"choice-3 depth-1\"><input type=\"checkbox\" id=\"wpforms-1033-field_6_3\" data-rule-check-limit=\"true\" name=\"wpforms[fields][6][]\" value=\"XL (8)\"  ><label class=\"wpforms-field-label-inline\" for=\"wpforms-1033-field_6_3\">XL (8)<\/label><\/li><\/ul><\/div><div id=\"wpforms-1033-field_8-container\" class=\"wpforms-field wpforms-field-textarea\" data-field-id=\"8\"><label class=\"wpforms-field-label\" for=\"wpforms-1033-field_8\">Comentarios<\/label><textarea id=\"wpforms-1033-field_8\" class=\"wpforms-field-medium\" name=\"wpforms[fields][8]\" ><\/textarea><div class=\"wpforms-field-description\">Si quieres m\u00e1s de una, o nos quieres dejar alguna aclaraci\u00f3n o un tel\u00e9fono para contactar<\/div><\/div><script>\n\t\t\t\t( function() {\n\t\t\t\t\tconst style = document.createElement( 'style' );\n\t\t\t\t\tstyle.appendChild( document.createTextNode( '#wpforms-1033-field_3-container { position: absolute !important; overflow: hidden !important; display: inline !important; height: 1px !important; width: 1px !important; z-index: -1000 !important; padding: 0 !important; } #wpforms-1033-field_3-container input { visibility: hidden; } #wpforms-conversational-form-page #wpforms-1033-field_3-container label { counter-increment: none; }' ) );\n\t\t\t\t\tdocument.head.appendChild( style );\n\t\t\t\t\tdocument.currentScript?.remove();\n\t\t\t\t} )();\n\t\t\t<\/script><\/div><!-- .wpforms-field-container --><div class=\"wpforms-recaptcha-container wpforms-is-recaptcha wpforms-is-recaptcha-type-v2\" ><div class=\"g-recaptcha\" data-sitekey=\"6Lc4Ke8kAAAAALJ92sThsI8vX7Y19po27C6l6Ejf\"><\/div><input type=\"text\" name=\"g-recaptcha-hidden\" class=\"wpforms-recaptcha-hidden\" style=\"position:absolute!important;clip:rect(0,0,0,0)!important;height:1px!important;width:1px!important;border:0!important;overflow:hidden!important;padding:0!important;margin:0!important;\" data-rule-recaptcha=\"1\"><\/div><div class=\"wpforms-submit-container\" ><input type=\"hidden\" name=\"wpforms[id]\" value=\"1033\"><input type=\"hidden\" name=\"page_title\" value=\"\"><input type=\"hidden\" name=\"page_url\" value=\"https:\/\/oldglasses.es\/index.php\/wp-json\/wp\/v2\/pages\/930\"><input type=\"hidden\" name=\"url_referer\" value=\"\"><button type=\"submit\" name=\"wpforms[submit]\" id=\"wpforms-submit-1033\" class=\"wpforms-submit\" data-alt-text=\"Enviando...\" data-submit-text=\"Enviar\" aria-live=\"assertive\" value=\"wpforms-submit\">Enviar<\/button><img loading=\"lazy\" decoding=\"async\" src=\"https:\/\/oldglasses.es\/wp-content\/plugins\/wpforms-lite\/assets\/images\/submit-spin.svg\" class=\"wpforms-submit-spinner\" style=\"display: none;\" width=\"26\" height=\"26\" alt=\"Cargando\"><\/div><\/form><\/div>  <!-- .wpforms-container -->","protected":false},"excerpt":{"rendered":"<p>\u00daLTIMAS UNIDADES!! \u00bfQuieres tener un recuerdo de Old Glasses? Reserva ya tu camiseta (para ti o para quien quieras&#8230;). Aportaci\u00f3n: 10 \u20ac<\/p>\n","protected":false},"author":1,"featured_media":1014,"parent":0,"menu_order":0,"comment_status":"closed","ping_status":"closed","template":"","meta":{"ngg_post_thumbnail":0,"footnotes":""},"class_list":["post-930","page","type-page","status-publish","has-post-thumbnail","hentry"],"yoast_head":"<!-- This site is optimized with the Yoast SEO plugin v27.3 - https:\/\/yoast.com\/product\/yoast-seo-wordpress\/ -->\n<title>TIENDA - OLD GLASSES<\/title>\n<meta name=\"robots\" content=\"index, follow, max-snippet:-1, max-image-preview:large, max-video-preview:-1\" \/>\n<link rel=\"canonical\" href=\"https:\/\/oldglasses.es\/index.php\/tienda\/\" \/>\n<meta property=\"og:locale\" content=\"es_ES\" \/>\n<meta property=\"og:type\" content=\"article\" \/>\n<meta property=\"og:title\" content=\"TIENDA - OLD GLASSES\" \/>\n<meta property=\"og:description\" content=\"\u00daLTIMAS UNIDADES!! \u00bfQuieres tener un recuerdo de Old Glasses? Reserva ya tu camiseta (para ti o para quien quieras&#8230;). Aportaci\u00f3n: 10 \u20ac\" \/>\n<meta property=\"og:url\" content=\"https:\/\/oldglasses.es\/index.php\/tienda\/\" \/>\n<meta property=\"og:site_name\" content=\"OLD GLASSES\" \/>\n<meta property=\"article:publisher\" content=\"https:\/\/www.facebook.com\/OLDGLASSESZALLA\/\" \/>\n<meta property=\"article:modified_time\" content=\"2025-05-11T18:03:18+00:00\" \/>\n<meta property=\"og:image\" content=\"https:\/\/oldglasses.es\/wp-content\/uploads\/2024\/08\/camiseta-old-glasses.png\" \/>\n\t<meta property=\"og:image:width\" content=\"1555\" \/>\n\t<meta property=\"og:image:height\" content=\"2000\" \/>\n\t<meta property=\"og:image:type\" content=\"image\/png\" \/>\n<meta name=\"twitter:card\" content=\"summary_large_image\" \/>\n<meta name=\"twitter:site\" content=\"@oldglasses_\" \/>\n<meta name=\"twitter:label1\" content=\"Tiempo de lectura\" \/>\n\t<meta name=\"twitter:data1\" content=\"1 minuto\" \/>\n<script type=\"application\/ld+json\" class=\"yoast-schema-graph\">{\"@context\":\"https:\\\/\\\/schema.org\",\"@graph\":[{\"@type\":\"WebPage\",\"@id\":\"https:\\\/\\\/oldglasses.es\\\/index.php\\\/tienda\\\/\",\"url\":\"https:\\\/\\\/oldglasses.es\\\/index.php\\\/tienda\\\/\",\"name\":\"TIENDA - OLD GLASSES\",\"isPartOf\":{\"@id\":\"https:\\\/\\\/oldglasses.es\\\/#website\"},\"primaryImageOfPage\":{\"@id\":\"https:\\\/\\\/oldglasses.es\\\/index.php\\\/tienda\\\/#primaryimage\"},\"image\":{\"@id\":\"https:\\\/\\\/oldglasses.es\\\/index.php\\\/tienda\\\/#primaryimage\"},\"thumbnailUrl\":\"https:\\\/\\\/oldglasses.es\\\/wp-content\\\/uploads\\\/2024\\\/08\\\/camiseta-old-glasses.png\",\"datePublished\":\"2024-08-11T11:35:09+00:00\",\"dateModified\":\"2025-05-11T18:03:18+00:00\",\"breadcrumb\":{\"@id\":\"https:\\\/\\\/oldglasses.es\\\/index.php\\\/tienda\\\/#breadcrumb\"},\"inLanguage\":\"es\",\"potentialAction\":[{\"@type\":\"ReadAction\",\"target\":[\"https:\\\/\\\/oldglasses.es\\\/index.php\\\/tienda\\\/\"]}]},{\"@type\":\"ImageObject\",\"inLanguage\":\"es\",\"@id\":\"https:\\\/\\\/oldglasses.es\\\/index.php\\\/tienda\\\/#primaryimage\",\"url\":\"https:\\\/\\\/oldglasses.es\\\/wp-content\\\/uploads\\\/2024\\\/08\\\/camiseta-old-glasses.png\",\"contentUrl\":\"https:\\\/\\\/oldglasses.es\\\/wp-content\\\/uploads\\\/2024\\\/08\\\/camiseta-old-glasses.png\",\"width\":1555,\"height\":2000},{\"@type\":\"BreadcrumbList\",\"@id\":\"https:\\\/\\\/oldglasses.es\\\/index.php\\\/tienda\\\/#breadcrumb\",\"itemListElement\":[{\"@type\":\"ListItem\",\"position\":1,\"name\":\"Portada\",\"item\":\"https:\\\/\\\/oldglasses.es\\\/\"},{\"@type\":\"ListItem\",\"position\":2,\"name\":\"TIENDA\"}]},{\"@type\":\"WebSite\",\"@id\":\"https:\\\/\\\/oldglasses.es\\\/#website\",\"url\":\"https:\\\/\\\/oldglasses.es\\\/\",\"name\":\"OLD GLASSES\",\"description\":\"Rock Rock Rock\",\"publisher\":{\"@id\":\"https:\\\/\\\/oldglasses.es\\\/#organization\"},\"potentialAction\":[{\"@type\":\"SearchAction\",\"target\":{\"@type\":\"EntryPoint\",\"urlTemplate\":\"https:\\\/\\\/oldglasses.es\\\/?s={search_term_string}\"},\"query-input\":{\"@type\":\"PropertyValueSpecification\",\"valueRequired\":true,\"valueName\":\"search_term_string\"}}],\"inLanguage\":\"es\"},{\"@type\":\"Organization\",\"@id\":\"https:\\\/\\\/oldglasses.es\\\/#organization\",\"name\":\"OLD GLASSES\",\"url\":\"https:\\\/\\\/oldglasses.es\\\/\",\"logo\":{\"@type\":\"ImageObject\",\"inLanguage\":\"es\",\"@id\":\"https:\\\/\\\/oldglasses.es\\\/#\\\/schema\\\/logo\\\/image\\\/\",\"url\":\"https:\\\/\\\/oldglasses.es\\\/wp-content\\\/uploads\\\/2024\\\/08\\\/LOGO-OLD-GLASSES-2021_fondo.jpg\",\"contentUrl\":\"https:\\\/\\\/oldglasses.es\\\/wp-content\\\/uploads\\\/2024\\\/08\\\/LOGO-OLD-GLASSES-2021_fondo.jpg\",\"width\":729,\"height\":666,\"caption\":\"OLD GLASSES\"},\"image\":{\"@id\":\"https:\\\/\\\/oldglasses.es\\\/#\\\/schema\\\/logo\\\/image\\\/\"},\"sameAs\":[\"https:\\\/\\\/www.facebook.com\\\/OLDGLASSESZALLA\\\/\",\"https:\\\/\\\/x.com\\\/oldglasses_\",\"https:\\\/\\\/www.instagram.com\\\/oldglasses_\\\/\",\"https:\\\/\\\/www.youtube.com\\\/@oldglasses1622\"]}]}<\/script>\n<!-- \/ Yoast SEO plugin. -->","yoast_head_json":{"title":"TIENDA - OLD GLASSES","robots":{"index":"index","follow":"follow","max-snippet":"max-snippet:-1","max-image-preview":"max-image-preview:large","max-video-preview":"max-video-preview:-1"},"canonical":"https:\/\/oldglasses.es\/index.php\/tienda\/","og_locale":"es_ES","og_type":"article","og_title":"TIENDA - OLD GLASSES","og_description":"\u00daLTIMAS UNIDADES!! \u00bfQuieres tener un recuerdo de Old Glasses? Reserva ya tu camiseta (para ti o para quien quieras&#8230;). Aportaci\u00f3n: 10 \u20ac","og_url":"https:\/\/oldglasses.es\/index.php\/tienda\/","og_site_name":"OLD GLASSES","article_publisher":"https:\/\/www.facebook.com\/OLDGLASSESZALLA\/","article_modified_time":"2025-05-11T18:03:18+00:00","og_image":[{"width":1555,"height":2000,"url":"https:\/\/oldglasses.es\/wp-content\/uploads\/2024\/08\/camiseta-old-glasses.png","type":"image\/png"}],"twitter_card":"summary_large_image","twitter_site":"@oldglasses_","twitter_misc":{"Tiempo de lectura":"1 minuto"},"schema":{"@context":"https:\/\/schema.org","@graph":[{"@type":"WebPage","@id":"https:\/\/oldglasses.es\/index.php\/tienda\/","url":"https:\/\/oldglasses.es\/index.php\/tienda\/","name":"TIENDA - OLD GLASSES","isPartOf":{"@id":"https:\/\/oldglasses.es\/#website"},"primaryImageOfPage":{"@id":"https:\/\/oldglasses.es\/index.php\/tienda\/#primaryimage"},"image":{"@id":"https:\/\/oldglasses.es\/index.php\/tienda\/#primaryimage"},"thumbnailUrl":"https:\/\/oldglasses.es\/wp-content\/uploads\/2024\/08\/camiseta-old-glasses.png","datePublished":"2024-08-11T11:35:09+00:00","dateModified":"2025-05-11T18:03:18+00:00","breadcrumb":{"@id":"https:\/\/oldglasses.es\/index.php\/tienda\/#breadcrumb"},"inLanguage":"es","potentialAction":[{"@type":"ReadAction","target":["https:\/\/oldglasses.es\/index.php\/tienda\/"]}]},{"@type":"ImageObject","inLanguage":"es","@id":"https:\/\/oldglasses.es\/index.php\/tienda\/#primaryimage","url":"https:\/\/oldglasses.es\/wp-content\/uploads\/2024\/08\/camiseta-old-glasses.png","contentUrl":"https:\/\/oldglasses.es\/wp-content\/uploads\/2024\/08\/camiseta-old-glasses.png","width":1555,"height":2000},{"@type":"BreadcrumbList","@id":"https:\/\/oldglasses.es\/index.php\/tienda\/#breadcrumb","itemListElement":[{"@type":"ListItem","position":1,"name":"Portada","item":"https:\/\/oldglasses.es\/"},{"@type":"ListItem","position":2,"name":"TIENDA"}]},{"@type":"WebSite","@id":"https:\/\/oldglasses.es\/#website","url":"https:\/\/oldglasses.es\/","name":"OLD GLASSES","description":"Rock Rock Rock","publisher":{"@id":"https:\/\/oldglasses.es\/#organization"},"potentialAction":[{"@type":"SearchAction","target":{"@type":"EntryPoint","urlTemplate":"https:\/\/oldglasses.es\/?s={search_term_string}"},"query-input":{"@type":"PropertyValueSpecification","valueRequired":true,"valueName":"search_term_string"}}],"inLanguage":"es"},{"@type":"Organization","@id":"https:\/\/oldglasses.es\/#organization","name":"OLD GLASSES","url":"https:\/\/oldglasses.es\/","logo":{"@type":"ImageObject","inLanguage":"es","@id":"https:\/\/oldglasses.es\/#\/schema\/logo\/image\/","url":"https:\/\/oldglasses.es\/wp-content\/uploads\/2024\/08\/LOGO-OLD-GLASSES-2021_fondo.jpg","contentUrl":"https:\/\/oldglasses.es\/wp-content\/uploads\/2024\/08\/LOGO-OLD-GLASSES-2021_fondo.jpg","width":729,"height":666,"caption":"OLD GLASSES"},"image":{"@id":"https:\/\/oldglasses.es\/#\/schema\/logo\/image\/"},"sameAs":["https:\/\/www.facebook.com\/OLDGLASSESZALLA\/","https:\/\/x.com\/oldglasses_","https:\/\/www.instagram.com\/oldglasses_\/","https:\/\/www.youtube.com\/@oldglasses1622"]}]}},"jetpack_sharing_enabled":true,"_links":{"self":[{"href":"https:\/\/oldglasses.es\/index.php\/wp-json\/wp\/v2\/pages\/930","targetHints":{"allow":["GET"]}}],"collection":[{"href":"https:\/\/oldglasses.es\/index.php\/wp-json\/wp\/v2\/pages"}],"about":[{"href":"https:\/\/oldglasses.es\/index.php\/wp-json\/wp\/v2\/types\/page"}],"author":[{"embeddable":true,"href":"https:\/\/oldglasses.es\/index.php\/wp-json\/wp\/v2\/users\/1"}],"replies":[{"embeddable":true,"href":"https:\/\/oldglasses.es\/index.php\/wp-json\/wp\/v2\/comments?post=930"}],"version-history":[{"count":12,"href":"https:\/\/oldglasses.es\/index.php\/wp-json\/wp\/v2\/pages\/930\/revisions"}],"predecessor-version":[{"id":1360,"href":"https:\/\/oldglasses.es\/index.php\/wp-json\/wp\/v2\/pages\/930\/revisions\/1360"}],"wp:featuredmedia":[{"embeddable":true,"href":"https:\/\/oldglasses.es\/index.php\/wp-json\/wp\/v2\/media\/1014"}],"wp:attachment":[{"href":"https:\/\/oldglasses.es\/index.php\/wp-json\/wp\/v2\/media?parent=930"}],"curies":[{"name":"wp","href":"https:\/\/api.w.org\/{rel}","templated":true}]}}